{"id":4421,"date":"2020-10-06T00:22:44","date_gmt":"2020-10-06T03:22:44","guid":{"rendered":"https:\/\/iballester.edu.ar\/?page_id=4421"},"modified":"2026-01-08T16:35:35","modified_gmt":"2026-01-08T19:35:35","slug":"schulgeld","status":"publish","type":"page","link":"https:\/\/iballester.edu.ar\/de\/schulgeld\/","title":{"rendered":"Schulgeld"},"content":{"rendered":"<div class=\"fusion-fullwidth fullwidth-box fusion-builder-row-1 nonhundred-percent-fullwidth non-hundred-percent-height-scrolling\" style=\"--awb-border-radius-top-left:0px;--awb-border-radius-top-right:0px;--awb-border-radius-bottom-right:0px;--awb-border-radius-bottom-left:0px;--awb-flex-wrap:wrap;\" ><div class=\"fusion-builder-row fusion-row\"><div class=\"fusion-layout-column fusion_builder_column fusion-builder-column-0 fusion_builder_column_1_1 1_1 fusion-one-full fusion-column-first fusion-column-last\" style=\"--awb-bg-size:cover;\"><div class=\"fusion-column-wrapper fusion-flex-column-wrapper-legacy\"><div class=\"fusion-text fusion-text-1\"><h2>Schulgeld und Lehrvertrag<\/h2>\n<\/div><div class=\"fusion-text fusion-text-2\"><h3>Geb\u00fchren- und Rabattprogramm f\u00fcr das Schuljahr 2026<\/h3>\n<p>Dieser Anhang gilt f\u00fcr das Schuljahr 2026, ist untrennbarer Bestandteil des Lehrvertrags und enth\u00e4lt die verschiedenen Werte und sonstigen variablen Geb\u00fchren, die f\u00fcr den oben genannten Vertrag gelten.<\/p>\n<p>Werte<strong> Januar 2026<\/strong>:<\/p>\n<div class=\"table-2\">\n<table width=\"100%\">\n<thead>\n<tr>\n<th align=\"left\">Klasse<\/th>\n<th align=\"left\">Monatliches Schulgeld 2026<\/th>\n<th align=\"left\">Monatliches Schulgeld mit Rabatt<\/th>\n<\/tr>\n<\/thead>\n<tbody>\n<tr>\n<td align=\"left\">Kindergarten: 1- und 2-J\u00e4hrige<br \/>\neinfacher Schultag<\/td>\n<td align=\"left\">$ 635.720<\/td>\n<td align=\"left\">$ 591.220<\/td>\n<\/tr>\n<tr>\n<td align=\"left\">Kindergarten: 1- und 2-J\u00e4hrige<br \/>\nverl\u00e4ngerter Schultag<\/td>\n<td align=\"left\">$ 890.009<\/td>\n<td align=\"left\">$ 827.709<\/td>\n<\/tr>\n<tr>\n<td align=\"left\">Kindergarten: 3 bis 5-J\u00e4hrige<\/td>\n<td align=\"left\">$ 635.720<\/td>\n<td align=\"left\">$ 591.220<\/td>\n<\/tr>\n<tr>\n<td align=\"left\">Grundschule: 1.-3. Klasse<\/td>\n<td align=\"left\">$ 876.235<\/td>\n<td align=\"left\">$ 814.898<\/td>\n<\/tr>\n<tr>\n<td align=\"left\">Grundschule: 4.-6. Klasse<\/td>\n<td align=\"left\">$ 966.967<\/td>\n<td align=\"left\">$ 899.279<\/td>\n<\/tr>\n<tr>\n<td align=\"left\">Sekundarstufe: 7.-12. Klasse<\/td>\n<td align=\"left\">$ 1.133.319<\/td>\n<td align=\"left\">$ 1.053.986<\/td>\n<\/tr>\n<\/tbody>\n<\/table>\n<\/div>\n<div style=\"margin: 13px 0 0 20px; font-size: 14px;\">Solidarit\u00e4tsfonds (Art. 5 b.II)* Der Betrag bel\u00e4uft sich auf $13.755,-<\/div>\n<div style=\"margin: 13px 0 0 20px; font-size: 14px;\">Die oben erw\u00e4hnten Betr\u00e4ge sind monatlich und pro Sch\u00fcler ausgedr\u00fcckt.<\/div>\n<div style=\"margin: 13px 0 0 20px; font-size: 14px;\">Sie k\u00f6nnen vor und nach Beginn des Schuljahres 2026 im Rahmen der jeweils geltenden Regelungen gem\u00e4\u00df den Bestimmungen der Klausel F\u00dcNF des Lehrvertrags angepasst werden. \u00c4nderungen der Tarife und sonstigen Entgelte werden mit der Rechnung\/dem Kontoauszug des Monats vor Inkrafttreten der \u00c4nderung bekannt gegeben.<\/div>\n<div><\/div>\n<div><\/div>\n<\/div>\n<div class=\"fusion-text fusion-text-3\"><div>\n<h3>Rabattprogramm:<\/h3>\n<p style=\"padding-left: 30px;\"><strong>A. <\/strong><strong>10 %<\/strong> <strong>Erm\u00e4\u00dfigung<\/strong> auf die Einschreibungsgeb\u00fchr und das monatliche Schulgeld im Jahr 2026 (f\u00fcr einen Sch\u00fcler) f\u00fcr diejenigen, die eine neue Familie zur Einschreibung eines neuen Sch\u00fclers mitbringen (% kumulativ f\u00fcr jeden neu eingeschriebenen Sch\u00fcler). Um in den Genuss dieser Verg\u00fcnstigung zu kommen, muss der Einschreibungsantrag von den Eltern der Familie in unserer Gemeinschaft, die die neue Familie mitbringt, in der Einschreibungsphase des Schuljahres unterzeichnet werden.<\/p>\n<p style=\"padding-left: 30px;\"><strong>B. <\/strong><strong>10% Erm\u00e4\u00dfigung<\/strong> auf die Einschreibungsgeb\u00fchr und das monatliche Schulgeld im Jahr 2026 f\u00fcr neue Sch\u00fcler, deren Eltern Alumni des Instituto Ballester sind. Als Alumni werden sowohl Grundschul- als auch Sekundarschulabsolventen betrachtet. Die Erm\u00e4\u00dfigung wird ab dem Zeitpunkt der Vorlage des Zertifikats gew\u00e4hrt, das den Status eines ehemaligen Sch\u00fclers bescheinigt..<\/p>\n<p style=\"padding-left: 30px;\"><strong>C. <\/strong><strong>10<\/strong><strong>% Erm\u00e4\u00dfigung<\/strong> auf die Einschreibungsgeb\u00fchr und das monatliche Schulgeld im Jahr 2026 f\u00fcr neue Sch\u00fcler, deren Eltern Mitarbeiter der unten aufgef\u00fchrten Unternehmen sind und ab dem n\u00e4chsten Jahr neue Familien in unserer Gemeinschaft werden.<\/p>\n<p><strong>* Unternehmen, die am BBZ-Programm teilnehmen:<\/strong> BASF Argentina SA, Bayer Argentina SA, Boehringer Ingelheim SA, C.H. Robinson Worldwide, AMI \u2013 Agencia Mar\u00edtima Internacional SA, Lanxess SA, Sartorius SA, DB Schenker Argentina SA, Siemens SA, Volkswagen SA, Hexagon Consulting S.R.L., Hospital Alem\u00e1n, SAP Argentina,STHIL Motoimplememntos SA, Worlee Productos Naturales SA, Agencia Mar\u00edtima B&amp;M, Cearca SA, Endress+Hauser SA, Instituto Ballester Deutsche Schule, Orbis, Volkswagen Argentina SA, Harbour Energy.<br \/>\n<em>(*) C\u00e1mara de Industria y Comercio Argentino Alemana<\/em><br \/>\n<em>(*) Embajada Alemana, Austr\u00edaca y Suiza.<\/em><\/p>\n<p style=\"padding-left: 30px;\"><strong>D. F\u00fcr Familien mit 4 oder mehr Kindern in der Schule <\/strong>gelten folgende Erm\u00e4\u00dfigungen: 2. Kind: 20 %, 3. Kind: 40 %, 4. und weitere Kinder: 80 %. Dieser Rabatt tritt nur dann in Kraft, wenn keine Zahlungsr\u00fcckst\u00e4nde zu verzeichnen sind.<\/p>\n<p style=\"padding-left: 30px;\"><strong>E.<\/strong> Ab dem Schuljahr 2025 haben wir eine Anpassung der Rabatte pro Kind <strong>f\u00fcr Familien mit bis zu 3 Kindern in der Schule<\/strong> vorgenommen: 2. Kind: 10% Rabatt (vorher 5%), 3. Kind: 20% Rabatt (vorher 10%). Dieser Rabatt tritt nur dann in Kraft, wenn keine Zahlungsr\u00fcckst\u00e4nde zu verzeichnen sind.<\/p>\n<\/div>\n<div class=\"recuadroscuro\" style=\"padding-bottom: 20px; margin-bottom: 5px;\">Alle oben genannten Rabatte, sofern zutreffend, sind kumulativ.<\/div>\n<div class=\"fusion-clearfix\"><\/div>\n<div><div class=\"fusion-sep-clear\"><\/div><div class=\"fusion-separator fusion-full-width-sep\" style=\"margin-left: auto;margin-right: auto;margin-top:20px;margin-bottom:20px;width:100%;\"><\/div><div class=\"fusion-sep-clear\"><\/div><\/div>\n<div><\/div>\n<\/div><div class=\"fusion-sep-clear\"><\/div><div class=\"fusion-separator fusion-full-width-sep\" style=\"margin-left: auto;margin-right: auto;margin-top:40px;margin-bottom:15px;width:100%;\"><div class=\"fusion-separator-border sep-single sep-solid\" style=\"--awb-height:20px;--awb-amount:20px;--awb-sep-color:#8bc34a;border-color:#8bc34a;border-top-width:2px;\"><\/div><\/div><div class=\"fusion-sep-clear\"><\/div><div class=\"fusion-clearfix\"><\/div><\/div><\/div><div class=\"fusion-layout-column fusion_builder_column fusion-builder-column-1 fusion_builder_column_1_1 1_1 fusion-one-full fusion-column-first fusion-column-last\" style=\"--awb-bg-size:cover;\"><div class=\"fusion-column-wrapper fusion-flex-column-wrapper-legacy\"><div class=\"fusion-text fusion-text-4\"><h2>Circulares para descargar<\/h2>\n<ul class=\"pdf\">\n<li><a href=\"https:\/\/iballester.edu.ar\/wp-content\/uploads\/2026\/01\/IBallester_circular-aranceles-y-matricula-2026.pdf\" target=\"_blank\" rel=\"noopener\">Circular de aranceles y matr\u00edcula | Ciclo Lectivo 2026<\/a><\/li>\n<li><a href=\"https:\/\/iballester.edu.ar\/wp-content\/uploads\/2026\/01\/IBallester-Contrato-de-ensenanza-2026.pdf\" target=\"_blank\" rel=\"noopener\">Contrato de ense\u00f1anza | Ciclo Lectivo 2026<\/a><\/li>\n<li><a href=\"https:\/\/iballester.edu.ar\/wp-content\/uploads\/2025\/09\/IBallester_circular-aranceles-talleres-y-extras_octubre-2025.pdf\" target=\"_blank\" rel=\"noopener noreferrer\">Circular de aranceles, extraprogram\u00e1ticas y talleres octubre 2025<\/a><\/li>\n<\/ul>\n<p><!--\n \t\n\n\n\n<li><a href=\"https:\/\/iballester.edu.ar\/wp-content\/uploads\/2024\/10\/IBallester_circular-aranceles-talleres-y-extras_noviembre-2024.pdf\" target=\"_blank\" rel=\"noopener noreferrer\">Circular de aranceles, extraprogram\u00e1ticas y talleres noviembre 2024<\/a><\/li>\n\n\n\n\n \t\n\n\n\n<li><a href=\"https:\/\/iballester.edu.ar\/wp-content\/uploads\/2024\/09\/IBallester_circular-aranceles_talleres-y-extras_octubre_2024.pdf\" target=\"_blank\" rel=\"noopener noreferrer\">Circular de aranceles, extraprogram\u00e1ticas y talleres octubre 2024<\/a><\/li>\n\n\n\n\n \t\n\n\n\n<li><a href=\"https:\/\/iballester.edu.ar\/wp-content\/uploads\/2024\/08\/IBallester_circular-aranceles-talleres-y-extras_septiembre_2024.pdf\" target=\"_blank\" rel=\"noopener noreferrer\">Circular de aranceles, extraprogram\u00e1ticas y talleres septiembre 2024<\/a><\/li>\n\n\n\n\n \t\n\n\n\n<li><a href=\"https:\/\/iballester.edu.ar\/wp-content\/uploads\/2024\/07\/IBallester_circular-aranceles-talleres-y-extras_agosto_2024.pdf\" target=\"_blank\" rel=\"noopener noreferrer\">Circular de aranceles, extraprogram\u00e1ticas y talleres agosto 2024<\/a><\/li>\n\n\n\n\n \t\n\n\n\n<li><a href=\"https:\/\/iballester.edu.ar\/wp-content\/uploads\/2024\/05\/IBallester_circular-aranceles-talleres-y-extras_junio-2024.pdf\" target=\"_blank\" rel=\"noopener noreferrer\">Circular de aranceles, extraprogram\u00e1ticas y talleres junio 2024<\/a><\/li>\n\n\n\n\n \t\n\n\n\n<li><a href=\"https:\/\/iballester.edu.ar\/wp-content\/uploads\/2024\/04\/IBallester_circular-aranceles-talleres-y-extras_mayo-2024.pdf\" target=\"_blank\" rel=\"noopener noreferrer\">Circular de aranceles, extraprogram\u00e1ticas y talleres mayo 2024<\/a><\/li>\n\n\n\n\n \t\n\n\n\n<li><a href=\"https:\/\/iballester.edu.ar\/wp-content\/uploads\/2024\/03\/IBallester_circular-aranceles-talleres-y-extras_abril-2024.pdf\" target=\"_blank\" rel=\"noopener noreferrer\">Circular de aranceles, extraprogram\u00e1ticas y talleres abril 2024<\/a><\/li>\n\n\n\n\n \t\n\n\n\n<li><a href=\"https:\/\/iballester.edu.ar\/wp-content\/uploads\/2024\/02\/IBallester_circular-aranceles-talleres-y-extras_marzo-2024.pdf\" target=\"_blank\" rel=\"noopener noreferrer\">Circular de aranceles, extraprogram\u00e1ticas y talleres marzo 2024<\/a><\/li>\n\n\n\n\n \t\n\n\n\n<li><a href=\"https:\/\/iballester.edu.ar\/wp-content\/uploads\/2023\/10\/IBallester_circular-aranceles-ciclo-lectivo-2024.pdf\" target=\"_blank\" rel=\"noopener noreferrer\">Circular de aranceles Ciclo Lectivo 2024<\/a><\/li>\n\n\n\n\n--><\/p>\n<\/div>\n<div class=\"fusion-clearfix\"><\/div><\/div><\/div><\/div><\/div>\n","protected":false},"excerpt":{"rendered":"","protected":false},"author":2,"featured_media":0,"parent":10679,"menu_order":0,"comment_status":"closed","ping_status":"closed","template":"","meta":{"_joinchat":[],"footnotes":""},"class_list":["post-4421","page","type-page","status-publish","hentry"],"yoast_head":"<!-- This site is optimized with the Yoast SEO plugin v27.4 - https:\/\/yoast.com\/product\/yoast-seo-wordpress\/ -->\n<title>Schulgeld<\/title>\n<meta name=\"robots\" content=\"index, follow, max-snippet:-1, max-image-preview:large, max-video-preview:-1\" \/>\n<link rel=\"canonical\" href=\"https:\/\/iballester.edu.ar\/de\/schulgeld\/\" \/>\n<meta property=\"og:locale\" content=\"de_DE\" \/>\n<meta property=\"og:type\" content=\"article\" \/>\n<meta property=\"og:title\" content=\"Schulgeld\" \/>\n<meta property=\"og:url\" content=\"https:\/\/iballester.edu.ar\/de\/schulgeld\/\" \/>\n<meta property=\"og:site_name\" content=\"Instituto Ballester\" \/>\n<meta property=\"article:publisher\" content=\"https:\/\/www.facebook.com\/iballesterDS\" \/>\n<meta property=\"article:modified_time\" content=\"2026-01-08T19:35:35+00:00\" \/>\n<meta name=\"twitter:card\" content=\"summary_large_image\" \/>\n<meta name=\"twitter:label1\" content=\"Gesch\u00e4tzte Lesezeit\" \/>\n\t<meta name=\"twitter:data1\" content=\"3\u00a0Minuten\" \/>\n<script type=\"application\/ld+json\" class=\"yoast-schema-graph\">{\"@context\":\"https:\\\/\\\/schema.org\",\"@graph\":[{\"@type\":\"WebPage\",\"@id\":\"https:\\\/\\\/iballester.edu.ar\\\/de\\\/schulgeld\\\/\",\"url\":\"https:\\\/\\\/iballester.edu.ar\\\/de\\\/schulgeld\\\/\",\"name\":\"Schulgeld\",\"isPartOf\":{\"@id\":\"https:\\\/\\\/www.iballester.edu.ar\\\/de\\\/#website\"},\"datePublished\":\"2020-10-06T03:22:44+00:00\",\"dateModified\":\"2026-01-08T19:35:35+00:00\",\"breadcrumb\":{\"@id\":\"https:\\\/\\\/iballester.edu.ar\\\/de\\\/schulgeld\\\/#breadcrumb\"},\"inLanguage\":\"de\",\"potentialAction\":[{\"@type\":\"ReadAction\",\"target\":[\"https:\\\/\\\/iballester.edu.ar\\\/de\\\/schulgeld\\\/\"]}]},{\"@type\":\"BreadcrumbList\",\"@id\":\"https:\\\/\\\/iballester.edu.ar\\\/de\\\/schulgeld\\\/#breadcrumb\",\"itemListElement\":[{\"@type\":\"ListItem\",\"position\":1,\"name\":\"Portada\",\"item\":\"https:\\\/\\\/iballester.edu.ar\\\/de\\\/\"},{\"@type\":\"ListItem\",\"position\":2,\"name\":\"Einschreibungen\",\"item\":\"https:\\\/\\\/iballester.edu.ar\\\/de\\\/?page_id=10679\"},{\"@type\":\"ListItem\",\"position\":3,\"name\":\"Schulgeld\"}]},{\"@type\":\"WebSite\",\"@id\":\"https:\\\/\\\/www.iballester.edu.ar\\\/de\\\/#website\",\"url\":\"https:\\\/\\\/www.iballester.edu.ar\\\/de\\\/\",\"name\":\"Instituto Ballester Deutsche Schule\",\"description\":\"\",\"publisher\":{\"@id\":\"https:\\\/\\\/www.iballester.edu.ar\\\/de\\\/#organization\"},\"alternateName\":\"IBallester\",\"potentialAction\":[{\"@type\":\"SearchAction\",\"target\":{\"@type\":\"EntryPoint\",\"urlTemplate\":\"https:\\\/\\\/www.iballester.edu.ar\\\/de\\\/?s={search_term_string}\"},\"query-input\":{\"@type\":\"PropertyValueSpecification\",\"valueRequired\":true,\"valueName\":\"search_term_string\"}}],\"inLanguage\":\"de\"},{\"@type\":\"Organization\",\"@id\":\"https:\\\/\\\/www.iballester.edu.ar\\\/de\\\/#organization\",\"name\":\"Instituto Ballester Deutsche Schule\",\"alternateName\":\"IBallester\",\"url\":\"https:\\\/\\\/www.iballester.edu.ar\\\/de\\\/\",\"logo\":{\"@type\":\"ImageObject\",\"inLanguage\":\"de\",\"@id\":\"https:\\\/\\\/www.iballester.edu.ar\\\/de\\\/#\\\/schema\\\/logo\\\/image\\\/\",\"url\":\"https:\\\/\\\/iballester.edu.ar\\\/wp-content\\\/uploads\\\/2023\\\/07\\\/IBallester-logo-meta.jpg\",\"contentUrl\":\"https:\\\/\\\/iballester.edu.ar\\\/wp-content\\\/uploads\\\/2023\\\/07\\\/IBallester-logo-meta.jpg\",\"width\":1920,\"height\":1080,\"caption\":\"Instituto Ballester Deutsche Schule\"},\"image\":{\"@id\":\"https:\\\/\\\/www.iballester.edu.ar\\\/de\\\/#\\\/schema\\\/logo\\\/image\\\/\"},\"sameAs\":[\"https:\\\/\\\/www.facebook.com\\\/iballesterDS\",\"https:\\\/\\\/www.instagram.com\\\/iballesteroficial\\\/\",\"https:\\\/\\\/www.youtube.com\\\/@IBallesterDS\",\"https:\\\/\\\/www.linkedin.com\\\/in\\\/instituto-ballester-deutsche-schule-310b89128\\\/\"]}]}<\/script>\n<!-- \/ Yoast SEO plugin. -->","yoast_head_json":{"title":"Schulgeld","robots":{"index":"index","follow":"follow","max-snippet":"max-snippet:-1","max-image-preview":"max-image-preview:large","max-video-preview":"max-video-preview:-1"},"canonical":"https:\/\/iballester.edu.ar\/de\/schulgeld\/","og_locale":"de_DE","og_type":"article","og_title":"Schulgeld","og_url":"https:\/\/iballester.edu.ar\/de\/schulgeld\/","og_site_name":"Instituto Ballester","article_publisher":"https:\/\/www.facebook.com\/iballesterDS","article_modified_time":"2026-01-08T19:35:35+00:00","twitter_card":"summary_large_image","twitter_misc":{"Gesch\u00e4tzte Lesezeit":"3\u00a0Minuten"},"schema":{"@context":"https:\/\/schema.org","@graph":[{"@type":"WebPage","@id":"https:\/\/iballester.edu.ar\/de\/schulgeld\/","url":"https:\/\/iballester.edu.ar\/de\/schulgeld\/","name":"Schulgeld","isPartOf":{"@id":"https:\/\/www.iballester.edu.ar\/de\/#website"},"datePublished":"2020-10-06T03:22:44+00:00","dateModified":"2026-01-08T19:35:35+00:00","breadcrumb":{"@id":"https:\/\/iballester.edu.ar\/de\/schulgeld\/#breadcrumb"},"inLanguage":"de","potentialAction":[{"@type":"ReadAction","target":["https:\/\/iballester.edu.ar\/de\/schulgeld\/"]}]},{"@type":"BreadcrumbList","@id":"https:\/\/iballester.edu.ar\/de\/schulgeld\/#breadcrumb","itemListElement":[{"@type":"ListItem","position":1,"name":"Portada","item":"https:\/\/iballester.edu.ar\/de\/"},{"@type":"ListItem","position":2,"name":"Einschreibungen","item":"https:\/\/iballester.edu.ar\/de\/?page_id=10679"},{"@type":"ListItem","position":3,"name":"Schulgeld"}]},{"@type":"WebSite","@id":"https:\/\/www.iballester.edu.ar\/de\/#website","url":"https:\/\/www.iballester.edu.ar\/de\/","name":"Instituto Ballester Deutsche Schule","description":"","publisher":{"@id":"https:\/\/www.iballester.edu.ar\/de\/#organization"},"alternateName":"IBallester","potentialAction":[{"@type":"SearchAction","target":{"@type":"EntryPoint","urlTemplate":"https:\/\/www.iballester.edu.ar\/de\/?s={search_term_string}"},"query-input":{"@type":"PropertyValueSpecification","valueRequired":true,"valueName":"search_term_string"}}],"inLanguage":"de"},{"@type":"Organization","@id":"https:\/\/www.iballester.edu.ar\/de\/#organization","name":"Instituto Ballester Deutsche Schule","alternateName":"IBallester","url":"https:\/\/www.iballester.edu.ar\/de\/","logo":{"@type":"ImageObject","inLanguage":"de","@id":"https:\/\/www.iballester.edu.ar\/de\/#\/schema\/logo\/image\/","url":"https:\/\/iballester.edu.ar\/wp-content\/uploads\/2023\/07\/IBallester-logo-meta.jpg","contentUrl":"https:\/\/iballester.edu.ar\/wp-content\/uploads\/2023\/07\/IBallester-logo-meta.jpg","width":1920,"height":1080,"caption":"Instituto Ballester Deutsche Schule"},"image":{"@id":"https:\/\/www.iballester.edu.ar\/de\/#\/schema\/logo\/image\/"},"sameAs":["https:\/\/www.facebook.com\/iballesterDS","https:\/\/www.instagram.com\/iballesteroficial\/","https:\/\/www.youtube.com\/@IBallesterDS","https:\/\/www.linkedin.com\/in\/instituto-ballester-deutsche-schule-310b89128\/"]}]}},"_links":{"self":[{"href":"https:\/\/iballester.edu.ar\/de\/wp-json\/wp\/v2\/pages\/4421","targetHints":{"allow":["GET"]}}],"collection":[{"href":"https:\/\/iballester.edu.ar\/de\/wp-json\/wp\/v2\/pages"}],"about":[{"href":"https:\/\/iballester.edu.ar\/de\/wp-json\/wp\/v2\/types\/page"}],"author":[{"embeddable":true,"href":"https:\/\/iballester.edu.ar\/de\/wp-json\/wp\/v2\/users\/2"}],"replies":[{"embeddable":true,"href":"https:\/\/iballester.edu.ar\/de\/wp-json\/wp\/v2\/comments?post=4421"}],"version-history":[{"count":1,"href":"https:\/\/iballester.edu.ar\/de\/wp-json\/wp\/v2\/pages\/4421\/revisions"}],"predecessor-version":[{"id":11227,"href":"https:\/\/iballester.edu.ar\/de\/wp-json\/wp\/v2\/pages\/4421\/revisions\/11227"}],"up":[{"embeddable":true,"href":"https:\/\/iballester.edu.ar\/de\/wp-json\/wp\/v2\/pages\/10679"}],"wp:attachment":[{"href":"https:\/\/iballester.edu.ar\/de\/wp-json\/wp\/v2\/media?parent=4421"}],"curies":[{"name":"wp","href":"https:\/\/api.w.org\/{rel}","templated":true}]}}