{"id":2632,"date":"2018-02-12T19:38:08","date_gmt":"2018-02-12T22:38:08","guid":{"rendered":"https:\/\/iballester.edu.ar\/?page_id=2632"},"modified":"2025-04-22T10:25:36","modified_gmt":"2025-04-22T13:25:36","slug":"mensa","status":"publish","type":"page","link":"https:\/\/iballester.edu.ar\/de\/mensa\/","title":{"rendered":"Mensa"},"content":{"rendered":"<p><div class=\"fusion-fullwidth fullwidth-box fusion-builder-row-1 nonhundred-percent-fullwidth non-hundred-percent-height-scrolling\" style=\"--awb-border-radius-top-left:0px;--awb-border-radius-top-right:0px;--awb-border-radius-bottom-right:0px;--awb-border-radius-bottom-left:0px;--awb-flex-wrap:wrap;\" ><div class=\"fusion-builder-row fusion-row\"><div class=\"fusion-layout-column fusion_builder_column fusion-builder-column-0 fusion_builder_column_1_1 1_1 fusion-one-full fusion-column-first fusion-column-last\" style=\"--awb-bg-size:cover;\"><div class=\"fusion-column-wrapper fusion-flex-column-wrapper-legacy\"><div class=\"fusion-text fusion-text-1\"><p>Der Kantinenservice wird von der Firma <strong>Cook\u2019s S.R.L.<\/strong> betrieben.<\/p>\n<p>Die Familien k\u00f6nnen w\u00e4hlen, ob sie das t\u00e4glich von der Firma angebotene Men\u00fc kaufen oder selbst zubereitete Speisen zum Aufw\u00e4rmen mitgeben m\u00f6chten.<\/p>\n<p>Die Kinder des <strong>Kindergartens<\/strong> essen in ihrem eigenen Geb\u00e4ude und werden dabei vom p\u00e4dagogischen Personal der Schule betreut. Das Hauptgericht wird bereits geschnitten serviert.\u00a0In der <strong>Grundschule<\/strong> gibt es ein Selbstbedienungssystem mit einer zweigleisigen Ausgabe, bei der die Speisen pr\u00e4sentiert werden. F\u00fcr die <strong>Sekundarstufe<\/strong> steht zus\u00e4tzlich ein Kiosk zur Verf\u00fcgung.<\/p>\n<p>Das Unternehmen besch\u00e4ftigt eine Ern\u00e4hrungsberaterin, die f\u00fcr die Zusammenstellung eines ausgewogenen Men\u00fcs verantwortlich ist. Die Speisen werden t\u00e4glich frisch und direkt in der Schule mit hochwertigen Zutaten von erstklassigen Lieferanten zubereitet.<\/p>\n<p>Cook\u2019s bietet auch die M\u00f6glichkeit, spezielle Di\u00e4ten f\u00fcr Sch\u00fcler*innen mit besonderen oder medizinischen Bed\u00fcrfnissen bereitzustellen \u2013 vorausgesetzt, dies wird rechtzeitig mit \u00e4rztlicher Verordnung bekannt gegeben.<\/p>\n<p>F\u00fcr Fragen zum Service steht in jedem Schulstandort ein fester Ansprechpartner der Kantine zur Verf\u00fcgung.<\/p>\n<\/div><div class=\"awb-gallery-wrapper awb-gallery-wrapper-1 button-span-no\" style=\"--more-btn-alignment:center;margin-top:50px;\"><div style=\"margin:-5px;--awb-bordersize:0px;\" class=\"fusion-gallery fusion-gallery-container fusion-grid-2 fusion-columns-total-5 fusion-gallery-layout-grid fusion-gallery-1\"><div style=\"padding:5px;\" class=\"fusion-grid-column fusion-gallery-column fusion-gallery-column-2 hover-type-none\"><div class=\"fusion-gallery-image\"><a href=\"https:\/\/iballester.edu.ar\/wp-content\/uploads\/2023\/06\/IBallester-VB-comedor-01.jpg\" rel=\"noreferrer\" data-rel=\"iLightbox[gallery_image_1]\" class=\"fusion-lightbox\" target=\"_self\"><img decoding=\"async\" src=\"https:\/\/iballester.edu.ar\/wp-content\/uploads\/2023\/06\/IBallester-VB-comedor-01.jpg\" width=\"1280\" height=\"960\" alt=\"\" title=\"IBallester-VB-comedor-01\" aria-label=\"IBallester-VB-comedor-01\" class=\"img-responsive wp-image-6970\" srcset=\"https:\/\/iballester.edu.ar\/wp-content\/uploads\/2023\/06\/IBallester-VB-comedor-01-200x150.jpg 200w, https:\/\/iballester.edu.ar\/wp-content\/uploads\/2023\/06\/IBallester-VB-comedor-01-400x300.jpg 400w, https:\/\/iballester.edu.ar\/wp-content\/uploads\/2023\/06\/IBallester-VB-comedor-01-600x450.jpg 600w, https:\/\/iballester.edu.ar\/wp-content\/uploads\/2023\/06\/IBallester-VB-comedor-01-800x600.jpg 800w, https:\/\/iballester.edu.ar\/wp-content\/uploads\/2023\/06\/IBallester-VB-comedor-01-1200x900.jpg 1200w, https:\/\/iballester.edu.ar\/wp-content\/uploads\/2023\/06\/IBallester-VB-comedor-01.jpg 1280w\" sizes=\"(min-width: 2200px) 100vw, (min-width: 712px) 598px, (min-width: 640px) 712px, \" \/><\/a><\/div><\/div><div style=\"padding:5px;\" class=\"fusion-grid-column fusion-gallery-column fusion-gallery-column-2 hover-type-none\"><div class=\"fusion-gallery-image\"><a href=\"https:\/\/iballester.edu.ar\/wp-content\/uploads\/2023\/06\/IBallester-VB-comedor-05.jpg\" rel=\"noreferrer\" data-rel=\"iLightbox[gallery_image_1]\" class=\"fusion-lightbox\" target=\"_self\"><img decoding=\"async\" src=\"https:\/\/iballester.edu.ar\/wp-content\/uploads\/2023\/06\/IBallester-VB-comedor-05.jpg\" width=\"1280\" height=\"960\" alt=\"\" title=\"IBallester-VB-comedor-05\" aria-label=\"IBallester-VB-comedor-05\" class=\"img-responsive wp-image-6978\" srcset=\"https:\/\/iballester.edu.ar\/wp-content\/uploads\/2023\/06\/IBallester-VB-comedor-05-200x150.jpg 200w, https:\/\/iballester.edu.ar\/wp-content\/uploads\/2023\/06\/IBallester-VB-comedor-05-400x300.jpg 400w, https:\/\/iballester.edu.ar\/wp-content\/uploads\/2023\/06\/IBallester-VB-comedor-05-600x450.jpg 600w, https:\/\/iballester.edu.ar\/wp-content\/uploads\/2023\/06\/IBallester-VB-comedor-05-800x600.jpg 800w, https:\/\/iballester.edu.ar\/wp-content\/uploads\/2023\/06\/IBallester-VB-comedor-05-1200x900.jpg 1200w, https:\/\/iballester.edu.ar\/wp-content\/uploads\/2023\/06\/IBallester-VB-comedor-05.jpg 1280w\" sizes=\"(min-width: 2200px) 100vw, (min-width: 712px) 598px, (min-width: 640px) 712px, \" \/><\/a><\/div><\/div><div class=\"clearfix\"><\/div><div style=\"padding:5px;\" class=\"fusion-grid-column fusion-gallery-column fusion-gallery-column-2 hover-type-none\"><div class=\"fusion-gallery-image\"><a href=\"https:\/\/iballester.edu.ar\/wp-content\/uploads\/2023\/06\/IBallester-VB-comedor-04.jpg\" rel=\"noreferrer\" data-rel=\"iLightbox[gallery_image_1]\" class=\"fusion-lightbox\" target=\"_self\"><img decoding=\"async\" src=\"https:\/\/iballester.edu.ar\/wp-content\/uploads\/2023\/06\/IBallester-VB-comedor-04.jpg\" width=\"1280\" height=\"960\" alt=\"\" title=\"IBallester-VB-comedor-04\" aria-label=\"IBallester-VB-comedor-04\" class=\"img-responsive wp-image-6976\" srcset=\"https:\/\/iballester.edu.ar\/wp-content\/uploads\/2023\/06\/IBallester-VB-comedor-04-200x150.jpg 200w, https:\/\/iballester.edu.ar\/wp-content\/uploads\/2023\/06\/IBallester-VB-comedor-04-400x300.jpg 400w, https:\/\/iballester.edu.ar\/wp-content\/uploads\/2023\/06\/IBallester-VB-comedor-04-600x450.jpg 600w, https:\/\/iballester.edu.ar\/wp-content\/uploads\/2023\/06\/IBallester-VB-comedor-04-800x600.jpg 800w, https:\/\/iballester.edu.ar\/wp-content\/uploads\/2023\/06\/IBallester-VB-comedor-04-1200x900.jpg 1200w, https:\/\/iballester.edu.ar\/wp-content\/uploads\/2023\/06\/IBallester-VB-comedor-04.jpg 1280w\" sizes=\"(min-width: 2200px) 100vw, (min-width: 712px) 598px, (min-width: 640px) 712px, \" \/><\/a><\/div><\/div><div style=\"padding:5px;\" class=\"fusion-grid-column fusion-gallery-column fusion-gallery-column-2 hover-type-none\"><div class=\"fusion-gallery-image\"><a href=\"https:\/\/iballester.edu.ar\/wp-content\/uploads\/2023\/06\/IBallester-VB-comedor-03.jpg\" rel=\"noreferrer\" data-rel=\"iLightbox[gallery_image_1]\" class=\"fusion-lightbox\" target=\"_self\"><img decoding=\"async\" src=\"https:\/\/iballester.edu.ar\/wp-content\/uploads\/2023\/06\/IBallester-VB-comedor-03.jpg\" width=\"1280\" height=\"960\" alt=\"\" title=\"IBallester-VB-comedor-03\" aria-label=\"IBallester-VB-comedor-03\" class=\"img-responsive wp-image-6974\" srcset=\"https:\/\/iballester.edu.ar\/wp-content\/uploads\/2023\/06\/IBallester-VB-comedor-03-200x150.jpg 200w, https:\/\/iballester.edu.ar\/wp-content\/uploads\/2023\/06\/IBallester-VB-comedor-03-400x300.jpg 400w, https:\/\/iballester.edu.ar\/wp-content\/uploads\/2023\/06\/IBallester-VB-comedor-03-600x450.jpg 600w, https:\/\/iballester.edu.ar\/wp-content\/uploads\/2023\/06\/IBallester-VB-comedor-03-800x600.jpg 800w, https:\/\/iballester.edu.ar\/wp-content\/uploads\/2023\/06\/IBallester-VB-comedor-03-1200x900.jpg 1200w, https:\/\/iballester.edu.ar\/wp-content\/uploads\/2023\/06\/IBallester-VB-comedor-03.jpg 1280w\" sizes=\"(min-width: 2200px) 100vw, (min-width: 712px) 598px, (min-width: 640px) 712px, \" \/><\/a><\/div><\/div><div class=\"clearfix\"><\/div><div style=\"padding:5px;\" class=\"fusion-grid-column fusion-gallery-column fusion-gallery-column-2 hover-type-none\"><div class=\"fusion-gallery-image\"><a href=\"https:\/\/iballester.edu.ar\/wp-content\/uploads\/2023\/06\/IBallester-VB-comedor-02.jpg\" rel=\"noreferrer\" data-rel=\"iLightbox[gallery_image_1]\" class=\"fusion-lightbox\" target=\"_self\"><img decoding=\"async\" src=\"https:\/\/iballester.edu.ar\/wp-content\/uploads\/2023\/06\/IBallester-VB-comedor-02.jpg\" width=\"1280\" height=\"960\" alt=\"\" title=\"IBallester-VB-comedor-02\" aria-label=\"IBallester-VB-comedor-02\" class=\"img-responsive wp-image-6972\" srcset=\"https:\/\/iballester.edu.ar\/wp-content\/uploads\/2023\/06\/IBallester-VB-comedor-02-200x150.jpg 200w, https:\/\/iballester.edu.ar\/wp-content\/uploads\/2023\/06\/IBallester-VB-comedor-02-400x300.jpg 400w, https:\/\/iballester.edu.ar\/wp-content\/uploads\/2023\/06\/IBallester-VB-comedor-02-600x450.jpg 600w, https:\/\/iballester.edu.ar\/wp-content\/uploads\/2023\/06\/IBallester-VB-comedor-02-800x600.jpg 800w, https:\/\/iballester.edu.ar\/wp-content\/uploads\/2023\/06\/IBallester-VB-comedor-02-1200x900.jpg 1200w, https:\/\/iballester.edu.ar\/wp-content\/uploads\/2023\/06\/IBallester-VB-comedor-02.jpg 1280w\" sizes=\"(min-width: 2200px) 100vw, (min-width: 712px) 598px, (min-width: 640px) 712px, \" \/><\/a><\/div><\/div><\/div><\/div><div class=\"fusion-clearfix\"><\/div><\/div><\/div><\/div><\/div><\/p>\n","protected":false},"excerpt":{"rendered":"","protected":false},"author":2,"featured_media":0,"parent":10679,"menu_order":0,"comment_status":"closed","ping_status":"closed","template":"","meta":{"_joinchat":[],"footnotes":""},"class_list":["post-2632","page","type-page","status-publish","hentry"],"yoast_head":"<!-- This site is optimized with the Yoast SEO plugin v27.4 - https:\/\/yoast.com\/product\/yoast-seo-wordpress\/ -->\n<title>Mensa<\/title>\n<meta name=\"robots\" content=\"index, follow, max-snippet:-1, max-image-preview:large, max-video-preview:-1\" \/>\n<link rel=\"canonical\" href=\"https:\/\/iballester.edu.ar\/de\/mensa\/\" \/>\n<meta property=\"og:locale\" content=\"de_DE\" \/>\n<meta property=\"og:type\" content=\"article\" \/>\n<meta property=\"og:title\" content=\"Mensa\" \/>\n<meta property=\"og:url\" content=\"https:\/\/iballester.edu.ar\/de\/mensa\/\" \/>\n<meta property=\"og:site_name\" content=\"Instituto Ballester\" \/>\n<meta property=\"article:publisher\" content=\"https:\/\/www.facebook.com\/iballesterDS\" \/>\n<meta property=\"article:modified_time\" content=\"2025-04-22T13:25:36+00:00\" \/>\n<meta name=\"twitter:card\" content=\"summary_large_image\" \/>\n<meta name=\"twitter:label1\" content=\"Gesch\u00e4tzte Lesezeit\" \/>\n\t<meta name=\"twitter:data1\" content=\"2\u00a0Minuten\" \/>\n<script type=\"application\/ld+json\" class=\"yoast-schema-graph\">{\"@context\":\"https:\\\/\\\/schema.org\",\"@graph\":[{\"@type\":\"WebPage\",\"@id\":\"https:\\\/\\\/iballester.edu.ar\\\/de\\\/mensa\\\/\",\"url\":\"https:\\\/\\\/iballester.edu.ar\\\/de\\\/mensa\\\/\",\"name\":\"Mensa\",\"isPartOf\":{\"@id\":\"https:\\\/\\\/www.iballester.edu.ar\\\/de\\\/#website\"},\"datePublished\":\"2018-02-12T22:38:08+00:00\",\"dateModified\":\"2025-04-22T13:25:36+00:00\",\"breadcrumb\":{\"@id\":\"https:\\\/\\\/iballester.edu.ar\\\/de\\\/mensa\\\/#breadcrumb\"},\"inLanguage\":\"de\",\"potentialAction\":[{\"@type\":\"ReadAction\",\"target\":[\"https:\\\/\\\/iballester.edu.ar\\\/de\\\/mensa\\\/\"]}]},{\"@type\":\"BreadcrumbList\",\"@id\":\"https:\\\/\\\/iballester.edu.ar\\\/de\\\/mensa\\\/#breadcrumb\",\"itemListElement\":[{\"@type\":\"ListItem\",\"position\":1,\"name\":\"Portada\",\"item\":\"https:\\\/\\\/iballester.edu.ar\\\/de\\\/\"},{\"@type\":\"ListItem\",\"position\":2,\"name\":\"Einschreibungen\",\"item\":\"https:\\\/\\\/iballester.edu.ar\\\/de\\\/?page_id=10679\"},{\"@type\":\"ListItem\",\"position\":3,\"name\":\"Mensa\"}]},{\"@type\":\"WebSite\",\"@id\":\"https:\\\/\\\/www.iballester.edu.ar\\\/de\\\/#website\",\"url\":\"https:\\\/\\\/www.iballester.edu.ar\\\/de\\\/\",\"name\":\"Instituto Ballester Deutsche Schule\",\"description\":\"\",\"publisher\":{\"@id\":\"https:\\\/\\\/www.iballester.edu.ar\\\/de\\\/#organization\"},\"alternateName\":\"IBallester\",\"potentialAction\":[{\"@type\":\"SearchAction\",\"target\":{\"@type\":\"EntryPoint\",\"urlTemplate\":\"https:\\\/\\\/www.iballester.edu.ar\\\/de\\\/?s={search_term_string}\"},\"query-input\":{\"@type\":\"PropertyValueSpecification\",\"valueRequired\":true,\"valueName\":\"search_term_string\"}}],\"inLanguage\":\"de\"},{\"@type\":\"Organization\",\"@id\":\"https:\\\/\\\/www.iballester.edu.ar\\\/de\\\/#organization\",\"name\":\"Instituto Ballester Deutsche Schule\",\"alternateName\":\"IBallester\",\"url\":\"https:\\\/\\\/www.iballester.edu.ar\\\/de\\\/\",\"logo\":{\"@type\":\"ImageObject\",\"inLanguage\":\"de\",\"@id\":\"https:\\\/\\\/www.iballester.edu.ar\\\/de\\\/#\\\/schema\\\/logo\\\/image\\\/\",\"url\":\"https:\\\/\\\/iballester.edu.ar\\\/wp-content\\\/uploads\\\/2023\\\/07\\\/IBallester-logo-meta.jpg\",\"contentUrl\":\"https:\\\/\\\/iballester.edu.ar\\\/wp-content\\\/uploads\\\/2023\\\/07\\\/IBallester-logo-meta.jpg\",\"width\":1920,\"height\":1080,\"caption\":\"Instituto Ballester Deutsche Schule\"},\"image\":{\"@id\":\"https:\\\/\\\/www.iballester.edu.ar\\\/de\\\/#\\\/schema\\\/logo\\\/image\\\/\"},\"sameAs\":[\"https:\\\/\\\/www.facebook.com\\\/iballesterDS\",\"https:\\\/\\\/www.instagram.com\\\/iballesteroficial\\\/\",\"https:\\\/\\\/www.youtube.com\\\/@IBallesterDS\",\"https:\\\/\\\/www.linkedin.com\\\/in\\\/instituto-ballester-deutsche-schule-310b89128\\\/\"]}]}<\/script>\n<!-- \/ Yoast SEO plugin. -->","yoast_head_json":{"title":"Mensa","robots":{"index":"index","follow":"follow","max-snippet":"max-snippet:-1","max-image-preview":"max-image-preview:large","max-video-preview":"max-video-preview:-1"},"canonical":"https:\/\/iballester.edu.ar\/de\/mensa\/","og_locale":"de_DE","og_type":"article","og_title":"Mensa","og_url":"https:\/\/iballester.edu.ar\/de\/mensa\/","og_site_name":"Instituto Ballester","article_publisher":"https:\/\/www.facebook.com\/iballesterDS","article_modified_time":"2025-04-22T13:25:36+00:00","twitter_card":"summary_large_image","twitter_misc":{"Gesch\u00e4tzte Lesezeit":"2\u00a0Minuten"},"schema":{"@context":"https:\/\/schema.org","@graph":[{"@type":"WebPage","@id":"https:\/\/iballester.edu.ar\/de\/mensa\/","url":"https:\/\/iballester.edu.ar\/de\/mensa\/","name":"Mensa","isPartOf":{"@id":"https:\/\/www.iballester.edu.ar\/de\/#website"},"datePublished":"2018-02-12T22:38:08+00:00","dateModified":"2025-04-22T13:25:36+00:00","breadcrumb":{"@id":"https:\/\/iballester.edu.ar\/de\/mensa\/#breadcrumb"},"inLanguage":"de","potentialAction":[{"@type":"ReadAction","target":["https:\/\/iballester.edu.ar\/de\/mensa\/"]}]},{"@type":"BreadcrumbList","@id":"https:\/\/iballester.edu.ar\/de\/mensa\/#breadcrumb","itemListElement":[{"@type":"ListItem","position":1,"name":"Portada","item":"https:\/\/iballester.edu.ar\/de\/"},{"@type":"ListItem","position":2,"name":"Einschreibungen","item":"https:\/\/iballester.edu.ar\/de\/?page_id=10679"},{"@type":"ListItem","position":3,"name":"Mensa"}]},{"@type":"WebSite","@id":"https:\/\/www.iballester.edu.ar\/de\/#website","url":"https:\/\/www.iballester.edu.ar\/de\/","name":"Instituto Ballester Deutsche Schule","description":"","publisher":{"@id":"https:\/\/www.iballester.edu.ar\/de\/#organization"},"alternateName":"IBallester","potentialAction":[{"@type":"SearchAction","target":{"@type":"EntryPoint","urlTemplate":"https:\/\/www.iballester.edu.ar\/de\/?s={search_term_string}"},"query-input":{"@type":"PropertyValueSpecification","valueRequired":true,"valueName":"search_term_string"}}],"inLanguage":"de"},{"@type":"Organization","@id":"https:\/\/www.iballester.edu.ar\/de\/#organization","name":"Instituto Ballester Deutsche Schule","alternateName":"IBallester","url":"https:\/\/www.iballester.edu.ar\/de\/","logo":{"@type":"ImageObject","inLanguage":"de","@id":"https:\/\/www.iballester.edu.ar\/de\/#\/schema\/logo\/image\/","url":"https:\/\/iballester.edu.ar\/wp-content\/uploads\/2023\/07\/IBallester-logo-meta.jpg","contentUrl":"https:\/\/iballester.edu.ar\/wp-content\/uploads\/2023\/07\/IBallester-logo-meta.jpg","width":1920,"height":1080,"caption":"Instituto Ballester Deutsche Schule"},"image":{"@id":"https:\/\/www.iballester.edu.ar\/de\/#\/schema\/logo\/image\/"},"sameAs":["https:\/\/www.facebook.com\/iballesterDS","https:\/\/www.instagram.com\/iballesteroficial\/","https:\/\/www.youtube.com\/@IBallesterDS","https:\/\/www.linkedin.com\/in\/instituto-ballester-deutsche-schule-310b89128\/"]}]}},"_links":{"self":[{"href":"https:\/\/iballester.edu.ar\/de\/wp-json\/wp\/v2\/pages\/2632","targetHints":{"allow":["GET"]}}],"collection":[{"href":"https:\/\/iballester.edu.ar\/de\/wp-json\/wp\/v2\/pages"}],"about":[{"href":"https:\/\/iballester.edu.ar\/de\/wp-json\/wp\/v2\/types\/page"}],"author":[{"embeddable":true,"href":"https:\/\/iballester.edu.ar\/de\/wp-json\/wp\/v2\/users\/2"}],"replies":[{"embeddable":true,"href":"https:\/\/iballester.edu.ar\/de\/wp-json\/wp\/v2\/comments?post=2632"}],"version-history":[{"count":0,"href":"https:\/\/iballester.edu.ar\/de\/wp-json\/wp\/v2\/pages\/2632\/revisions"}],"up":[{"embeddable":true,"href":"https:\/\/iballester.edu.ar\/de\/wp-json\/wp\/v2\/pages\/10679"}],"wp:attachment":[{"href":"https:\/\/iballester.edu.ar\/de\/wp-json\/wp\/v2\/media?parent=2632"}],"curies":[{"name":"wp","href":"https:\/\/api.w.org\/{rel}","templated":true}]}}