{"id":2629,"date":"2018-02-12T19:37:38","date_gmt":"2018-02-12T22:37:38","guid":{"rendered":"https:\/\/iballester.edu.ar\/?page_id=2629"},"modified":"2019-01-13T16:27:02","modified_gmt":"2019-01-13T19:27:02","slug":"stipendien","status":"publish","type":"page","link":"https:\/\/iballester.edu.ar\/de\/stipendien\/","title":{"rendered":"Stipendien"},"content":{"rendered":"<div class=\"fusion-fullwidth fullwidth-box fusion-builder-row-1 nonhundred-percent-fullwidth non-hundred-percent-height-scrolling\" style=\"--awb-border-radius-top-left:0px;--awb-border-radius-top-right:0px;--awb-border-radius-bottom-right:0px;--awb-border-radius-bottom-left:0px;--awb-flex-wrap:wrap;\" ><div class=\"fusion-builder-row fusion-row\"><div class=\"fusion-layout-column fusion_builder_column fusion-builder-column-0 fusion_builder_column_1_1 1_1 fusion-one-full fusion-column-first fusion-column-last\" style=\"--awb-bg-size:cover;\"><div class=\"fusion-column-wrapper fusion-flex-column-wrapper-legacy\"><div class=\"fusion-text fusion-text-1\"><h1>Stipendien f\u00fcr akademische Exzellenz<\/h1>\n<p>Das Stipendium f\u00fcr akademische Exzellenz (<strong>BEA<\/strong>) ist f\u00fcr Sch\u00fcler, die in jedem Schuljahr , das beste Gesamtdurchschnitt im 6. Jahr der Grundschule und 1. bis 3. Jahr der Sekundarstufe haben, vorausgesetzt, dass diese Durchschnittsnote gr\u00f6\u00dfer oder gleich 9 ist (neun ). Diese Auszeichnung\u00a0 kommt an den Empf\u00e4nger mit einem Bonus von 50% der Nettogeb\u00fchr und wird f\u00fcr das folgende Jahr wirksam sein.<\/p>\n<p>Das\u00a0<strong>BEA\u00a0<\/strong>wird an<strong>\u00a0<\/strong>zwei Sch\u00fclern jeder Klasse, die die besten Durchschnittsnoten des Jahres erhalten haben, (im Fall der Grundschule, zwei f\u00fcr jedem Standort) gegeben. Im Fall, dass zwei Sch\u00fcler die selbe Durchschnittsnote haben, wird das Stipendium aufgeteilt.<br \/>\nDie Auszeichnung ist nicht \u00fcbertragbar und gilt nicht r\u00fcckwirkend. Diese Auszeichnung wird nur erteilt, wenn die Abteilungsleitungen keine Beeintr\u00e4chtigungen (soziale oder Einstellungsgr\u00fcnde) finden, die als Hindernisse f\u00fcr die Gew\u00e4hrung betrachtet werden.<\/p>\n<h3>Auszeichnung f\u00fcr Leistung und Flei\u03b2<\/h3>\n<p>F\u00fcr Sch\u00fcler des <strong>6. Schuljahres der Sekundaria<\/strong> erteilt der Instituto Ballester eine Auszeichnung f\u00fcr Leistung und Flei\u03b2 an denen, die die beste Durchschnittsnote in jeder Orientierung erhalten,\u00a0 vorausgesetzt, dass diese Note gr\u00f6\u00dfer oder gleich 9 ist (neun ) und kein Fach nicht bestanden haben. Der Mittelwert wird mit dem Durchschnitt der Leistungen in den letzten drei Jahren der Sekundarstufe berechnet. Auch in diesem Fall k\u00f6nnen keine soziale oder Einstellungsgr\u00fcnde vorliegen, die die Abteilungsleitung als Hinderniss f\u00fcr die Gew\u00e4hrung betrachten.<\/p>\n<p>Die\u00a0<strong>Auszeichnung<\/strong>\u00a0besteht aus ein Hin- und R\u00fcckflug nach Frankfurt, Deutschland, der im n\u00e4chsten Jahr verwendet werden soll. Diese Auszeichnung ist nicht \u00fcbertragbar und die Schule ist nicht verantwortlich f\u00fcr die Unterkunft, Transfers, Krankenversicherung und \/ oder zugeordnete Kosten im Zusammenhang mit der Reise.<\/p>\n<\/div><div class=\"fusion-clearfix\"><\/div><\/div><\/div><\/div><\/div>\n","protected":false},"excerpt":{"rendered":"","protected":false},"author":2,"featured_media":0,"parent":10679,"menu_order":0,"comment_status":"closed","ping_status":"closed","template":"","meta":{"_joinchat":[],"footnotes":""},"class_list":["post-2629","page","type-page","status-publish","hentry"],"yoast_head":"<!-- This site is optimized with the Yoast SEO plugin v27.4 - https:\/\/yoast.com\/product\/yoast-seo-wordpress\/ -->\n<title>Stipendien<\/title>\n<meta name=\"robots\" content=\"index, follow, max-snippet:-1, max-image-preview:large, max-video-preview:-1\" \/>\n<link rel=\"canonical\" href=\"https:\/\/iballester.edu.ar\/de\/stipendien\/\" \/>\n<meta property=\"og:locale\" content=\"de_DE\" \/>\n<meta property=\"og:type\" content=\"article\" \/>\n<meta property=\"og:title\" content=\"Stipendien\" \/>\n<meta property=\"og:url\" content=\"https:\/\/iballester.edu.ar\/de\/stipendien\/\" \/>\n<meta property=\"og:site_name\" content=\"Instituto Ballester\" \/>\n<meta property=\"article:publisher\" content=\"https:\/\/www.facebook.com\/iballesterDS\" \/>\n<meta property=\"article:modified_time\" content=\"2019-01-13T19:27:02+00:00\" \/>\n<meta name=\"twitter:card\" content=\"summary_large_image\" \/>\n<meta name=\"twitter:label1\" content=\"Gesch\u00e4tzte Lesezeit\" \/>\n\t<meta name=\"twitter:data1\" content=\"2\u00a0Minuten\" \/>\n<script type=\"application\/ld+json\" class=\"yoast-schema-graph\">{\"@context\":\"https:\\\/\\\/schema.org\",\"@graph\":[{\"@type\":\"WebPage\",\"@id\":\"https:\\\/\\\/iballester.edu.ar\\\/de\\\/stipendien\\\/\",\"url\":\"https:\\\/\\\/iballester.edu.ar\\\/de\\\/stipendien\\\/\",\"name\":\"Stipendien\",\"isPartOf\":{\"@id\":\"https:\\\/\\\/www.iballester.edu.ar\\\/de\\\/#website\"},\"datePublished\":\"2018-02-12T22:37:38+00:00\",\"dateModified\":\"2019-01-13T19:27:02+00:00\",\"breadcrumb\":{\"@id\":\"https:\\\/\\\/iballester.edu.ar\\\/de\\\/stipendien\\\/#breadcrumb\"},\"inLanguage\":\"de\",\"potentialAction\":[{\"@type\":\"ReadAction\",\"target\":[\"https:\\\/\\\/iballester.edu.ar\\\/de\\\/stipendien\\\/\"]}]},{\"@type\":\"BreadcrumbList\",\"@id\":\"https:\\\/\\\/iballester.edu.ar\\\/de\\\/stipendien\\\/#breadcrumb\",\"itemListElement\":[{\"@type\":\"ListItem\",\"position\":1,\"name\":\"Portada\",\"item\":\"https:\\\/\\\/iballester.edu.ar\\\/de\\\/\"},{\"@type\":\"ListItem\",\"position\":2,\"name\":\"Einschreibungen\",\"item\":\"https:\\\/\\\/iballester.edu.ar\\\/de\\\/?page_id=10679\"},{\"@type\":\"ListItem\",\"position\":3,\"name\":\"Stipendien\"}]},{\"@type\":\"WebSite\",\"@id\":\"https:\\\/\\\/www.iballester.edu.ar\\\/de\\\/#website\",\"url\":\"https:\\\/\\\/www.iballester.edu.ar\\\/de\\\/\",\"name\":\"Instituto Ballester Deutsche Schule\",\"description\":\"\",\"publisher\":{\"@id\":\"https:\\\/\\\/www.iballester.edu.ar\\\/de\\\/#organization\"},\"alternateName\":\"IBallester\",\"potentialAction\":[{\"@type\":\"SearchAction\",\"target\":{\"@type\":\"EntryPoint\",\"urlTemplate\":\"https:\\\/\\\/www.iballester.edu.ar\\\/de\\\/?s={search_term_string}\"},\"query-input\":{\"@type\":\"PropertyValueSpecification\",\"valueRequired\":true,\"valueName\":\"search_term_string\"}}],\"inLanguage\":\"de\"},{\"@type\":\"Organization\",\"@id\":\"https:\\\/\\\/www.iballester.edu.ar\\\/de\\\/#organization\",\"name\":\"Instituto Ballester Deutsche Schule\",\"alternateName\":\"IBallester\",\"url\":\"https:\\\/\\\/www.iballester.edu.ar\\\/de\\\/\",\"logo\":{\"@type\":\"ImageObject\",\"inLanguage\":\"de\",\"@id\":\"https:\\\/\\\/www.iballester.edu.ar\\\/de\\\/#\\\/schema\\\/logo\\\/image\\\/\",\"url\":\"https:\\\/\\\/iballester.edu.ar\\\/wp-content\\\/uploads\\\/2023\\\/07\\\/IBallester-logo-meta.jpg\",\"contentUrl\":\"https:\\\/\\\/iballester.edu.ar\\\/wp-content\\\/uploads\\\/2023\\\/07\\\/IBallester-logo-meta.jpg\",\"width\":1920,\"height\":1080,\"caption\":\"Instituto Ballester Deutsche Schule\"},\"image\":{\"@id\":\"https:\\\/\\\/www.iballester.edu.ar\\\/de\\\/#\\\/schema\\\/logo\\\/image\\\/\"},\"sameAs\":[\"https:\\\/\\\/www.facebook.com\\\/iballesterDS\",\"https:\\\/\\\/www.instagram.com\\\/iballesteroficial\\\/\",\"https:\\\/\\\/www.youtube.com\\\/@IBallesterDS\",\"https:\\\/\\\/www.linkedin.com\\\/in\\\/instituto-ballester-deutsche-schule-310b89128\\\/\"]}]}<\/script>\n<!-- \/ Yoast SEO plugin. -->","yoast_head_json":{"title":"Stipendien","robots":{"index":"index","follow":"follow","max-snippet":"max-snippet:-1","max-image-preview":"max-image-preview:large","max-video-preview":"max-video-preview:-1"},"canonical":"https:\/\/iballester.edu.ar\/de\/stipendien\/","og_locale":"de_DE","og_type":"article","og_title":"Stipendien","og_url":"https:\/\/iballester.edu.ar\/de\/stipendien\/","og_site_name":"Instituto Ballester","article_publisher":"https:\/\/www.facebook.com\/iballesterDS","article_modified_time":"2019-01-13T19:27:02+00:00","twitter_card":"summary_large_image","twitter_misc":{"Gesch\u00e4tzte Lesezeit":"2\u00a0Minuten"},"schema":{"@context":"https:\/\/schema.org","@graph":[{"@type":"WebPage","@id":"https:\/\/iballester.edu.ar\/de\/stipendien\/","url":"https:\/\/iballester.edu.ar\/de\/stipendien\/","name":"Stipendien","isPartOf":{"@id":"https:\/\/www.iballester.edu.ar\/de\/#website"},"datePublished":"2018-02-12T22:37:38+00:00","dateModified":"2019-01-13T19:27:02+00:00","breadcrumb":{"@id":"https:\/\/iballester.edu.ar\/de\/stipendien\/#breadcrumb"},"inLanguage":"de","potentialAction":[{"@type":"ReadAction","target":["https:\/\/iballester.edu.ar\/de\/stipendien\/"]}]},{"@type":"BreadcrumbList","@id":"https:\/\/iballester.edu.ar\/de\/stipendien\/#breadcrumb","itemListElement":[{"@type":"ListItem","position":1,"name":"Portada","item":"https:\/\/iballester.edu.ar\/de\/"},{"@type":"ListItem","position":2,"name":"Einschreibungen","item":"https:\/\/iballester.edu.ar\/de\/?page_id=10679"},{"@type":"ListItem","position":3,"name":"Stipendien"}]},{"@type":"WebSite","@id":"https:\/\/www.iballester.edu.ar\/de\/#website","url":"https:\/\/www.iballester.edu.ar\/de\/","name":"Instituto Ballester Deutsche Schule","description":"","publisher":{"@id":"https:\/\/www.iballester.edu.ar\/de\/#organization"},"alternateName":"IBallester","potentialAction":[{"@type":"SearchAction","target":{"@type":"EntryPoint","urlTemplate":"https:\/\/www.iballester.edu.ar\/de\/?s={search_term_string}"},"query-input":{"@type":"PropertyValueSpecification","valueRequired":true,"valueName":"search_term_string"}}],"inLanguage":"de"},{"@type":"Organization","@id":"https:\/\/www.iballester.edu.ar\/de\/#organization","name":"Instituto Ballester Deutsche Schule","alternateName":"IBallester","url":"https:\/\/www.iballester.edu.ar\/de\/","logo":{"@type":"ImageObject","inLanguage":"de","@id":"https:\/\/www.iballester.edu.ar\/de\/#\/schema\/logo\/image\/","url":"https:\/\/iballester.edu.ar\/wp-content\/uploads\/2023\/07\/IBallester-logo-meta.jpg","contentUrl":"https:\/\/iballester.edu.ar\/wp-content\/uploads\/2023\/07\/IBallester-logo-meta.jpg","width":1920,"height":1080,"caption":"Instituto Ballester Deutsche Schule"},"image":{"@id":"https:\/\/www.iballester.edu.ar\/de\/#\/schema\/logo\/image\/"},"sameAs":["https:\/\/www.facebook.com\/iballesterDS","https:\/\/www.instagram.com\/iballesteroficial\/","https:\/\/www.youtube.com\/@IBallesterDS","https:\/\/www.linkedin.com\/in\/instituto-ballester-deutsche-schule-310b89128\/"]}]}},"_links":{"self":[{"href":"https:\/\/iballester.edu.ar\/de\/wp-json\/wp\/v2\/pages\/2629","targetHints":{"allow":["GET"]}}],"collection":[{"href":"https:\/\/iballester.edu.ar\/de\/wp-json\/wp\/v2\/pages"}],"about":[{"href":"https:\/\/iballester.edu.ar\/de\/wp-json\/wp\/v2\/types\/page"}],"author":[{"embeddable":true,"href":"https:\/\/iballester.edu.ar\/de\/wp-json\/wp\/v2\/users\/2"}],"replies":[{"embeddable":true,"href":"https:\/\/iballester.edu.ar\/de\/wp-json\/wp\/v2\/comments?post=2629"}],"version-history":[{"count":0,"href":"https:\/\/iballester.edu.ar\/de\/wp-json\/wp\/v2\/pages\/2629\/revisions"}],"up":[{"embeddable":true,"href":"https:\/\/iballester.edu.ar\/de\/wp-json\/wp\/v2\/pages\/10679"}],"wp:attachment":[{"href":"https:\/\/iballester.edu.ar\/de\/wp-json\/wp\/v2\/media?parent=2629"}],"curies":[{"name":"wp","href":"https:\/\/api.w.org\/{rel}","templated":true}]}}