{"id":2604,"date":"2019-01-13T15:02:23","date_gmt":"2019-01-13T18:02:23","guid":{"rendered":"https:\/\/iballester.edu.ar\/?page_id=2604"},"modified":"2024-11-14T11:22:46","modified_gmt":"2024-11-14T14:22:46","slug":"praktikum","status":"publish","type":"page","link":"https:\/\/iballester.edu.ar\/de\/praktikum\/","title":{"rendered":"Praktikum"},"content":{"rendered":"<div class=\"fusion-fullwidth fullwidth-box fusion-builder-row-1 nonhundred-percent-fullwidth non-hundred-percent-height-scrolling\" style=\"--awb-border-radius-top-left:0px;--awb-border-radius-top-right:0px;--awb-border-radius-bottom-right:0px;--awb-border-radius-bottom-left:0px;--awb-padding-top:40px;--awb-padding-bottom:40px;--awb-flex-wrap:wrap;\" ><div class=\"fusion-builder-row fusion-row\"><div class=\"fusion-layout-column fusion_builder_column fusion-builder-column-0 fusion_builder_column_1_1 1_1 fusion-one-full fusion-column-first fusion-column-last\" style=\"--awb-bg-size:cover;\"><div class=\"fusion-column-wrapper fusion-flex-column-wrapper-legacy\"><div class=\"fusion-text fusion-text-1\"><h1>Praktikum am Instituto Ballester Deutsche Schule<\/h1>\n<\/div><div class=\"fusion-clearfix\"><\/div><\/div><\/div><div class=\"fusion-layout-column fusion_builder_column fusion-builder-column-1 fusion_builder_column_3_5 3_5 fusion-three-fifth fusion-column-first\" style=\"--awb-bg-size:cover;width:60%;width:calc(60% - ( ( 5% ) * 0.6 ) );margin-right: 5%;\"><div class=\"fusion-column-wrapper fusion-flex-column-wrapper-legacy\"><div class=\"fusion-text fusion-text-2\"><h3>Wer sind wir?<\/h3>\n<p>Wir sind eine gro\u00dfe Deutsche Auslandsschule (DAS) im Norden von Buenos Aires. Unsere Schule besteht aus zwei Kinderg\u00e4rten, zwei Grundschulen (Klasse 1 bis 6), einer Sekundarstufe (Klasse 7 bis 12) und einem Berufsbildungszentrum (Berufsschule). Unsere beiden Schulstandorte sind in den Stadtteilen Villa Ballester (Kindergarten\/ Grundschule\/ Sekundarstufe\/ BBZ) und Villa Adelina (Kindergarten\/ Grundschule).<\/p>\n<p>Fast alle Sch\u00fclerinnen und Sch\u00fcler sind Argentinier, viele mit deutschen Wurzeln, andere ohne jeglichen deutschsprachigen Hintergrund. Neben der Muttersprache Spanisch werden die Sprachen Deutsch und Englisch gelehrt.<\/p>\n<p>Neben einem argentinischen Schulabschluss haben unsere Sch\u00fclerinnen und Sch\u00fcler die M\u00f6glichkeit den GIB-Abschluss (Gemischtsprachiges Internationales Baccalaureate) zu erlangen. Mit diesem Abschluss k\u00f6nnen unsere Absolventen\u00a0 sowohl in Deutschland als auch an anderen Hochschulen auf der ganzen Welt studieren.<\/p>\n<h3>Wie sind die Unterrichtszeiten?<\/h3>\n<p>Das Instituto Ballester ist eine Ganztagsschule, so dass der Unterricht auch am Nachmittag stattfindet (07.45- 15.55 Uhr).<\/p>\n<h3>Gibt es die M\u00f6glichkeit eines Lehramtspraktikums?<\/h3>\n<p>Ja, wir bieten Praktikantenstellen in all unseren Abteilungen an. Diese Praktika werden von den deutschen Universit\u00e4ten anerkannt.<\/p>\n<h3>Welche F\u00e4cher werden auf Deutsch unterrichtet?<\/h3>\n<p>Neben Deutsch (DaF) werden in einigen Klassenstufen auch Geschichte, Biologie, Mathematik, Sachkunde, Wirtschaft, Chemie, Kunst und Interkulturelles Lernen auf Deutsch unterrichtet (Deutschsprachiger Fachunterricht\/ DFU).<\/p>\n<h3>In welchen F\u00e4chern ist ein Praktikum m\u00f6glich?<\/h3>\n<p>Praktika sind in den auf Deutsch unterrichteten F\u00e4chern m\u00f6glich. Zus\u00e4tzlich besteht die M\u00f6glichkeit zur Hospitation in spanischsprachigen F\u00e4chern.<\/p>\n<h3>Was erwarten wir von unseren Praktikanten?<\/h3>\n<ul>\n<li>Offenheit<\/li>\n<li>Toleranz<\/li>\n<li>Flexibilit\u00e4t<\/li>\n<li>Motivation<\/li>\n<li>Bereitschaft, sich aktiv in den Schulalltag einzubringen<\/li>\n<li>Interesse an der argentinischen Kultur und am kulturellen Austausch<\/li>\n<li>Bereitschaft, sich Grundkenntnisse in Spanisch anzueignen<\/li>\n<li>eine Praktikumsdauer von mindestens 6 Wochen<\/li>\n<\/ul>\n<h3>Was bieten wir?<\/h3>\n<p>Wir bieten unseren Praktikanten die M\u00f6glichkeit eines interkulturellen Austausches an. In Hospitationsstunden und eigenst\u00e4ndig geplantem und durchgef\u00fchrtem Unterricht werden Chancen geboten, die eigene Lehrerpers\u00f6nlichkeit zu entwickeln und die Chancen und Grenzen eines nicht-muttersprachlichen Unterrichts kennen zu lernen.<\/p>\n<\/div><div class=\"fusion-text fusion-text-3\"><h3 style=\"text-align: center;\"><span style=\"color: #99cc00;\">Wir freuen uns auf Ihre Bewerbung<\/span><\/h3>\n<\/div><div class=\"fusion-clearfix\"><\/div><\/div><\/div><div class=\"fusion-layout-column fusion_builder_column fusion-builder-column-2 fusion_builder_column_2_5 2_5 fusion-two-fifth fusion-column-last\" style=\"--awb-padding-top:30px;--awb-padding-right:30px;--awb-padding-bottom:30px;--awb-padding-left:30px;--awb-bg-color:#add9b6;--awb-bg-color-hover:#add9b6;--awb-bg-size:cover;width:40%;width:calc(40% - ( ( 5% ) * 0.4 ) );\"><div class=\"fusion-column-wrapper fusion-flex-column-wrapper-legacy\"><div class=\"fusion-text fusion-text-4\"><h3><strong>Wie bewirbt man sich?<\/strong><\/h3>\n<p><span style=\"color: #333333;\">Das Schuljahr beginnt in Argentinien im M\u00e4rz, Sommerferien sind von Anfang Dezember bis Ende Februar. Dar\u00fcber hinaus sind im Juli drei Wochen Winterferien.<\/span><\/p>\n<p><span style=\"color: #333333;\">Daher gibt es zwei Zeitr\u00e4ume f\u00fcr ein m\u00f6gliches Praktikum:<\/span><\/p>\n<ul>\n<li><span style=\"color: #333333;\">zwischen M\u00e4rz und Juli (1. Halbjahr)<\/span><\/li>\n<li><span style=\"color: #333333;\">zwischen August und November (2. Halbjahr)<\/span><\/li>\n<\/ul>\n<p><span style=\"color: #333333;\"><strong>Bewerbungen f\u00fcr das 1. Halbjahr<\/strong> werden bis Ende August des Vorjahres angenommen. Eine Auswahl findet Anfang September statt.<\/span><\/p>\n<p><span style=\"color: #333333;\"><strong>Die Bewerbungsfrist f\u00fcr das 2. Halbjahr<\/strong> endet im M\u00e4rz des gleichen Jahres. Eine Auswahl findet Anfang April statt.<\/span><\/p>\n<p><span style=\"color: #333333;\">Bitte senden Sie in den genannten Zeitr\u00e4umen eine Bewerbung mit Motivationsschreiben und Lebenslauf mit Lichtbild und mit Angabe der F\u00e4cher und der Abteilung, in der das Praktikum stattfinden soll an:<\/span><\/p>\n<p><div class=\"fusion-fa-align-left\"><i class=\"fb-icon-element-1 fb-icon-element fontawesome-icon fa-envelope far circle-no\" style=\"--awb-iconcolor:#459373;--awb-iconcolor-hover:#459373;--awb-font-size:30px;--awb-margin-right:5px;\"><\/i><\/div>\u00a0<a href=\"mailto:praktika@iballester.edu.ar\">praktika@iballester.edu.ar<\/a><\/p>\n<\/div><div class=\"fusion-clearfix\"><\/div><\/div><\/div><\/div><\/div>\n","protected":false},"excerpt":{"rendered":"","protected":false},"author":2,"featured_media":0,"parent":0,"menu_order":10,"comment_status":"closed","ping_status":"closed","template":"100-width.php","meta":{"_joinchat":[],"footnotes":""},"class_list":["post-2604","page","type-page","status-publish","hentry"],"yoast_head":"<!-- This site is optimized with the Yoast SEO plugin v27.4 - https:\/\/yoast.com\/product\/yoast-seo-wordpress\/ -->\n<title>Praktikum<\/title>\n<meta name=\"robots\" content=\"index, follow, max-snippet:-1, max-image-preview:large, max-video-preview:-1\" \/>\n<link rel=\"canonical\" href=\"https:\/\/iballester.edu.ar\/de\/praktikum\/\" \/>\n<meta property=\"og:locale\" content=\"de_DE\" \/>\n<meta property=\"og:type\" content=\"article\" \/>\n<meta property=\"og:title\" content=\"Praktikum\" \/>\n<meta property=\"og:url\" content=\"https:\/\/iballester.edu.ar\/de\/praktikum\/\" \/>\n<meta property=\"og:site_name\" content=\"Instituto Ballester\" \/>\n<meta property=\"article:publisher\" content=\"https:\/\/www.facebook.com\/iballesterDS\" \/>\n<meta property=\"article:modified_time\" content=\"2024-11-14T14:22:46+00:00\" \/>\n<meta property=\"og:image\" content=\"https:\/\/iballester.edu.ar\/wp-content\/uploads\/2023\/07\/IBallester-logo-meta-1024x576.jpg\" \/>\n<meta name=\"twitter:card\" content=\"summary_large_image\" \/>\n<meta name=\"twitter:image\" content=\"https:\/\/iballester.edu.ar\/wp-content\/uploads\/2023\/07\/IBallester-logo-meta-1024x576.jpg\" \/>\n<meta name=\"twitter:label1\" content=\"Gesch\u00e4tzte Lesezeit\" \/>\n\t<meta name=\"twitter:data1\" content=\"5\u00a0Minuten\" \/>\n<script type=\"application\/ld+json\" class=\"yoast-schema-graph\">{\"@context\":\"https:\\\/\\\/schema.org\",\"@graph\":[{\"@type\":\"WebPage\",\"@id\":\"https:\\\/\\\/iballester.edu.ar\\\/de\\\/praktikum\\\/\",\"url\":\"https:\\\/\\\/iballester.edu.ar\\\/de\\\/praktikum\\\/\",\"name\":\"Praktikum\",\"isPartOf\":{\"@id\":\"https:\\\/\\\/www.iballester.edu.ar\\\/de\\\/#website\"},\"datePublished\":\"2019-01-13T18:02:23+00:00\",\"dateModified\":\"2024-11-14T14:22:46+00:00\",\"breadcrumb\":{\"@id\":\"https:\\\/\\\/iballester.edu.ar\\\/de\\\/praktikum\\\/#breadcrumb\"},\"inLanguage\":\"de\",\"potentialAction\":[{\"@type\":\"ReadAction\",\"target\":[\"https:\\\/\\\/iballester.edu.ar\\\/de\\\/praktikum\\\/\"]}]},{\"@type\":\"BreadcrumbList\",\"@id\":\"https:\\\/\\\/iballester.edu.ar\\\/de\\\/praktikum\\\/#breadcrumb\",\"itemListElement\":[{\"@type\":\"ListItem\",\"position\":1,\"name\":\"Portada\",\"item\":\"https:\\\/\\\/iballester.edu.ar\\\/de\\\/\"},{\"@type\":\"ListItem\",\"position\":2,\"name\":\"Praktikum\"}]},{\"@type\":\"WebSite\",\"@id\":\"https:\\\/\\\/www.iballester.edu.ar\\\/de\\\/#website\",\"url\":\"https:\\\/\\\/www.iballester.edu.ar\\\/de\\\/\",\"name\":\"Instituto Ballester Deutsche Schule\",\"description\":\"\",\"publisher\":{\"@id\":\"https:\\\/\\\/www.iballester.edu.ar\\\/de\\\/#organization\"},\"alternateName\":\"IBallester\",\"potentialAction\":[{\"@type\":\"SearchAction\",\"target\":{\"@type\":\"EntryPoint\",\"urlTemplate\":\"https:\\\/\\\/www.iballester.edu.ar\\\/de\\\/?s={search_term_string}\"},\"query-input\":{\"@type\":\"PropertyValueSpecification\",\"valueRequired\":true,\"valueName\":\"search_term_string\"}}],\"inLanguage\":\"de\"},{\"@type\":\"Organization\",\"@id\":\"https:\\\/\\\/www.iballester.edu.ar\\\/de\\\/#organization\",\"name\":\"Instituto Ballester Deutsche Schule\",\"alternateName\":\"IBallester\",\"url\":\"https:\\\/\\\/www.iballester.edu.ar\\\/de\\\/\",\"logo\":{\"@type\":\"ImageObject\",\"inLanguage\":\"de\",\"@id\":\"https:\\\/\\\/www.iballester.edu.ar\\\/de\\\/#\\\/schema\\\/logo\\\/image\\\/\",\"url\":\"https:\\\/\\\/iballester.edu.ar\\\/wp-content\\\/uploads\\\/2023\\\/07\\\/IBallester-logo-meta.jpg\",\"contentUrl\":\"https:\\\/\\\/iballester.edu.ar\\\/wp-content\\\/uploads\\\/2023\\\/07\\\/IBallester-logo-meta.jpg\",\"width\":1920,\"height\":1080,\"caption\":\"Instituto Ballester Deutsche Schule\"},\"image\":{\"@id\":\"https:\\\/\\\/www.iballester.edu.ar\\\/de\\\/#\\\/schema\\\/logo\\\/image\\\/\"},\"sameAs\":[\"https:\\\/\\\/www.facebook.com\\\/iballesterDS\",\"https:\\\/\\\/www.instagram.com\\\/iballesteroficial\\\/\",\"https:\\\/\\\/www.youtube.com\\\/@IBallesterDS\",\"https:\\\/\\\/www.linkedin.com\\\/in\\\/instituto-ballester-deutsche-schule-310b89128\\\/\"]}]}<\/script>\n<!-- \/ Yoast SEO plugin. -->","yoast_head_json":{"title":"Praktikum","robots":{"index":"index","follow":"follow","max-snippet":"max-snippet:-1","max-image-preview":"max-image-preview:large","max-video-preview":"max-video-preview:-1"},"canonical":"https:\/\/iballester.edu.ar\/de\/praktikum\/","og_locale":"de_DE","og_type":"article","og_title":"Praktikum","og_url":"https:\/\/iballester.edu.ar\/de\/praktikum\/","og_site_name":"Instituto Ballester","article_publisher":"https:\/\/www.facebook.com\/iballesterDS","article_modified_time":"2024-11-14T14:22:46+00:00","og_image":[{"url":"https:\/\/iballester.edu.ar\/wp-content\/uploads\/2023\/07\/IBallester-logo-meta-1024x576.jpg","type":"","width":"","height":""}],"twitter_card":"summary_large_image","twitter_image":"https:\/\/iballester.edu.ar\/wp-content\/uploads\/2023\/07\/IBallester-logo-meta-1024x576.jpg","twitter_misc":{"Gesch\u00e4tzte Lesezeit":"5\u00a0Minuten"},"schema":{"@context":"https:\/\/schema.org","@graph":[{"@type":"WebPage","@id":"https:\/\/iballester.edu.ar\/de\/praktikum\/","url":"https:\/\/iballester.edu.ar\/de\/praktikum\/","name":"Praktikum","isPartOf":{"@id":"https:\/\/www.iballester.edu.ar\/de\/#website"},"datePublished":"2019-01-13T18:02:23+00:00","dateModified":"2024-11-14T14:22:46+00:00","breadcrumb":{"@id":"https:\/\/iballester.edu.ar\/de\/praktikum\/#breadcrumb"},"inLanguage":"de","potentialAction":[{"@type":"ReadAction","target":["https:\/\/iballester.edu.ar\/de\/praktikum\/"]}]},{"@type":"BreadcrumbList","@id":"https:\/\/iballester.edu.ar\/de\/praktikum\/#breadcrumb","itemListElement":[{"@type":"ListItem","position":1,"name":"Portada","item":"https:\/\/iballester.edu.ar\/de\/"},{"@type":"ListItem","position":2,"name":"Praktikum"}]},{"@type":"WebSite","@id":"https:\/\/www.iballester.edu.ar\/de\/#website","url":"https:\/\/www.iballester.edu.ar\/de\/","name":"Instituto Ballester Deutsche Schule","description":"","publisher":{"@id":"https:\/\/www.iballester.edu.ar\/de\/#organization"},"alternateName":"IBallester","potentialAction":[{"@type":"SearchAction","target":{"@type":"EntryPoint","urlTemplate":"https:\/\/www.iballester.edu.ar\/de\/?s={search_term_string}"},"query-input":{"@type":"PropertyValueSpecification","valueRequired":true,"valueName":"search_term_string"}}],"inLanguage":"de"},{"@type":"Organization","@id":"https:\/\/www.iballester.edu.ar\/de\/#organization","name":"Instituto Ballester Deutsche Schule","alternateName":"IBallester","url":"https:\/\/www.iballester.edu.ar\/de\/","logo":{"@type":"ImageObject","inLanguage":"de","@id":"https:\/\/www.iballester.edu.ar\/de\/#\/schema\/logo\/image\/","url":"https:\/\/iballester.edu.ar\/wp-content\/uploads\/2023\/07\/IBallester-logo-meta.jpg","contentUrl":"https:\/\/iballester.edu.ar\/wp-content\/uploads\/2023\/07\/IBallester-logo-meta.jpg","width":1920,"height":1080,"caption":"Instituto Ballester Deutsche Schule"},"image":{"@id":"https:\/\/www.iballester.edu.ar\/de\/#\/schema\/logo\/image\/"},"sameAs":["https:\/\/www.facebook.com\/iballesterDS","https:\/\/www.instagram.com\/iballesteroficial\/","https:\/\/www.youtube.com\/@IBallesterDS","https:\/\/www.linkedin.com\/in\/instituto-ballester-deutsche-schule-310b89128\/"]}]}},"_links":{"self":[{"href":"https:\/\/iballester.edu.ar\/de\/wp-json\/wp\/v2\/pages\/2604","targetHints":{"allow":["GET"]}}],"collection":[{"href":"https:\/\/iballester.edu.ar\/de\/wp-json\/wp\/v2\/pages"}],"about":[{"href":"https:\/\/iballester.edu.ar\/de\/wp-json\/wp\/v2\/types\/page"}],"author":[{"embeddable":true,"href":"https:\/\/iballester.edu.ar\/de\/wp-json\/wp\/v2\/users\/2"}],"replies":[{"embeddable":true,"href":"https:\/\/iballester.edu.ar\/de\/wp-json\/wp\/v2\/comments?post=2604"}],"version-history":[{"count":0,"href":"https:\/\/iballester.edu.ar\/de\/wp-json\/wp\/v2\/pages\/2604\/revisions"}],"wp:attachment":[{"href":"https:\/\/iballester.edu.ar\/de\/wp-json\/wp\/v2\/media?parent=2604"}],"curies":[{"name":"wp","href":"https:\/\/api.w.org\/{rel}","templated":true}]}}