{"id":2255,"date":"2018-05-20T18:48:17","date_gmt":"2018-05-20T21:48:17","guid":{"rendered":"https:\/\/iballester.edu.ar\/actividades-extracurriculares\/"},"modified":"2025-04-23T21:21:12","modified_gmt":"2025-04-24T00:21:12","slug":"arbeitsgemeinschaften","status":"publish","type":"page","link":"https:\/\/iballester.edu.ar\/de\/arbeitsgemeinschaften\/","title":{"rendered":"Arbeitsgemeinschaften"},"content":{"rendered":"<p><div class=\"fusion-bg-parallax\" data-bg-align=\"center center\" data-direction=\"up\" data-mute=\"false\" data-opacity=\"100\" data-velocity=\"-0.3\" data-mobile-enabled=\"false\" data-break_parents=\"0\" data-bg-image=\"http:\/\/iballester.edu.ar\/wp-content\/uploads\/2018\/06\/header-extracurriculares.jpg\" data-bg-repeat=\"false\" ><\/div><div class=\"fusion-fullwidth fullwidth-box fusion-builder-row-1 fusion-parallax-up nonhundred-percent-fullwidth non-hundred-percent-height-scrolling headertit\" style=\"--awb-border-radius-top-left:0px;--awb-border-radius-top-right:0px;--awb-border-radius-bottom-right:0px;--awb-border-radius-bottom-left:0px;--awb-padding-top:105px;--awb-padding-bottom:105px;--awb-background-image:url(&quot;http:\/\/iballester.edu.ar\/wp-content\/uploads\/2018\/06\/header-extracurriculares.jpg&quot;);--awb-background-size:cover;--awb-flex-wrap:wrap;\" ><div class=\"fusion-builder-row fusion-row\"><div class=\"fusion-layout-column fusion_builder_column fusion-builder-column-0 fusion_builder_column_1_1 1_1 fusion-one-full fusion-column-first fusion-column-last\" style=\"--awb-bg-size:cover;\"><div class=\"fusion-column-wrapper fusion-flex-column-wrapper-legacy\"><div class=\"fusion-text fusion-text-1\"><h2 style=\"text-align: center;\">Arbeitsgemeinschaften<\/h2>\n<p style=\"text-align: center;\">Ein fundamentaler Pfeiler in der ganzheitlichen Bildung des Menschen. Sie n\u00e4hrt den K\u00f6rper, schult den Geist, kultiviert die Seele und formt Werte, die Grundlage f\u00fcr die Erziehung unserer Kinder.<\/p>\n<\/div><div class=\"fusion-clearfix\"><\/div><\/div><\/div><\/div><\/div><div class=\"fusion-fullwidth fullwidth-box fusion-builder-row-2 nonhundred-percent-fullwidth non-hundred-percent-height-scrolling\" style=\"--awb-border-radius-top-left:0px;--awb-border-radius-top-right:0px;--awb-border-radius-bottom-right:0px;--awb-border-radius-bottom-left:0px;--awb-padding-top:40px;--awb-padding-bottom:40px;--awb-flex-wrap:wrap;\" ><div class=\"fusion-builder-row fusion-row\"><div class=\"fusion-layout-column fusion_builder_column fusion-builder-column-1 fusion_builder_column_3_5 3_5 fusion-three-fifth fusion-column-first\" style=\"--awb-bg-size:cover;width:60%;width:calc(60% - ( ( 5% ) * 0.6 ) );margin-right: 5%;\"><div class=\"fusion-column-wrapper fusion-flex-column-wrapper-legacy\"><div class=\"fusion-text fusion-text-2\"><h3>Schachclub<\/h3>\n<\/div><div class=\"fusion-text fusion-text-3\"><p>Durch das Schachspiel werden intellektuelle und kognitive F\u00e4higkeiten trainiert.<\/p>\n<p>Die <strong>AG&#8217;s<\/strong> in der <strong>Grundschule Villa Adelina<\/strong> finden mittwochs von 13:40 Uhr bis 15:20 Uhr f\u00fcr den ersten Zyklus und donnerstags von 13.40 Uhr bis 15:20 Uhr f\u00fcr den zweiten Zyklus statt.<\/p>\n<\/div><div class=\"fusion-clearfix\"><\/div><\/div><\/div><div class=\"fusion-layout-column fusion_builder_column fusion-builder-column-2 fusion_builder_column_2_5 2_5 fusion-two-fifth fusion-column-last\" style=\"--awb-padding-top:30px;--awb-padding-right:10px;--awb-padding-bottom:10px;--awb-padding-left:10px;--awb-bg-size:cover;--awb-margin-top:25px;width:40%;width:calc(40% - ( ( 5% ) * 0.4 ) );\"><div class=\"fusion-column-wrapper fusion-flex-column-wrapper-legacy\"><div class=\"fusion-image-element in-legacy-container\" style=\"--awb-caption-title-font-family:var(--h2_typography-font-family);--awb-caption-title-font-weight:var(--h2_typography-font-weight);--awb-caption-title-font-style:var(--h2_typography-font-style);--awb-caption-title-size:var(--h2_typography-font-size);--awb-caption-title-transform:var(--h2_typography-text-transform);--awb-caption-title-line-height:var(--h2_typography-line-height);--awb-caption-title-letter-spacing:var(--h2_typography-letter-spacing);\"><span class=\" fusion-imageframe imageframe-glow imageframe-1 hover-type-none\" style=\"-webkit-box-shadow: 0 0 3px rgba(0,0,0,0.3);box-shadow: 0 0 3px rgba(0,0,0,0.3);\"><img decoding=\"async\" width=\"800\" height=\"486\" title=\"IBallester-taller-ajedrez\" src=\"http:\/\/iballester.edu.ar\/wp-content\/uploads\/2018\/06\/IBallester-taller-ajedrez.jpg\" alt class=\"img-responsive wp-image-2118\" srcset=\"https:\/\/iballester.edu.ar\/wp-content\/uploads\/2018\/06\/IBallester-taller-ajedrez-200x122.jpg 200w, https:\/\/iballester.edu.ar\/wp-content\/uploads\/2018\/06\/IBallester-taller-ajedrez-400x243.jpg 400w, https:\/\/iballester.edu.ar\/wp-content\/uploads\/2018\/06\/IBallester-taller-ajedrez-600x365.jpg 600w, https:\/\/iballester.edu.ar\/wp-content\/uploads\/2018\/06\/IBallester-taller-ajedrez.jpg 800w\" sizes=\"(max-width: 800px) 100vw, 600px\" \/><\/span><\/div><div class=\"fusion-clearfix\"><\/div><\/div><\/div><\/div><\/div><div id=\"onu\" class=\"fusion-container-anchor\"><div class=\"fusion-fullwidth fullwidth-box fusion-builder-row-3 has-pattern-background has-mask-background nonhundred-percent-fullwidth non-hundred-percent-height-scrolling\" style=\"--awb-border-radius-top-left:0px;--awb-border-radius-top-right:0px;--awb-border-radius-bottom-right:0px;--awb-border-radius-bottom-left:0px;--awb-padding-top:20px;--awb-padding-bottom:35px;--awb-background-color:#f2f2f2;--awb-flex-wrap:wrap;\" ><div class=\"fusion-builder-row fusion-row\"><div class=\"fusion-layout-column fusion_builder_column fusion-builder-column-3 fusion_builder_column_1_1 1_1 fusion-one-full fusion-column-first fusion-column-last\" style=\"--awb-bg-size:cover;\"><div class=\"fusion-column-wrapper fusion-flex-column-wrapper-legacy\"><div class=\"fusion-text fusion-text-4\"><h3>Model United Nations<\/h3>\n<\/div><div class=\"fusion-clearfix\"><\/div><\/div><\/div><div class=\"fusion-layout-column fusion_builder_column fusion-builder-column-4 fusion_builder_column_1_2 1_2 fusion-one-half fusion-column-first\" style=\"--awb-bg-size:cover;width:50%;width:calc(50% - ( ( 4% ) * 0.5 ) );margin-right: 4%;\"><div class=\"fusion-column-wrapper fusion-flex-column-wrapper-legacy\"><div class=\"fusion-text fusion-text-5\"><p>Seit mehreren Jahren nimmt das Instituto Ballester Deutsche Schule regelm\u00e4\u00dfig am <a href=\"http:\/\/www.anu-ar.org\/modelos-de-naciones-unidas.html\">Model United Nations der ANU-AR<\/a> (Asociaci\u00f3n para las Naciones Unidas de la Rep\u00fablica Argentina) teil, das j\u00e4hrlich im Nebengeb\u00e4ude des argentinischen Senats veranstaltet wird.<\/p>\n<p>Das Modell der Vereinten Nationen simuliert die Entscheidungsprozesse der UNO (Generalversammlung, Sicherheitsrat, Wirtschaftsrat usw.). Jedes UN-Mitgliedsland wird durch eine Gruppe von Sch\u00fclern aus einer der \u00fcber siebzig teilnehmenden Schulen vertreten.<\/p>\n<\/div><div class=\"fusion-text fusion-text-6\"><p>In der au\u00dferschulischen Aktivit\u00e4t <strong>Model United Nations<\/strong> bereiten sich unsere Sch\u00fcler der Sekundarschule auf die Tage im Senat vor: Sie lernen das ihnen zugewiesene Land, seine Kultur, seine politische Einstellung, seine Wirtschaft usw. kennen. In dieser Phase nehmen sie Kontakt zu Botschaften, Konsulaten und anderen staatlichen Einrichtungen auf.<\/p>\n<p>Durch die Praxis des Dialogs und der Diplomatie tr\u00e4gt diese T\u00e4tigkeit in hohem Ma\u00dfe zur Entwicklung von interkulturellen Kompetenzen, demokratischen Werten und Toleranz bei.<\/p>\n<\/div><div class=\"fusion-clearfix\"><\/div><\/div><\/div><div class=\"fusion-layout-column fusion_builder_column fusion-builder-column-5 fusion_builder_column_1_2 1_2 fusion-one-half fusion-column-last\" style=\"--awb-bg-size:cover;width:50%;width:calc(50% - ( ( 4% ) * 0.5 ) );\"><div class=\"fusion-column-wrapper fusion-flex-column-wrapper-legacy\"><div class=\"fusion-image-element in-legacy-container\" style=\"--awb-caption-title-font-family:var(--h2_typography-font-family);--awb-caption-title-font-weight:var(--h2_typography-font-weight);--awb-caption-title-font-style:var(--h2_typography-font-style);--awb-caption-title-size:var(--h2_typography-font-size);--awb-caption-title-transform:var(--h2_typography-text-transform);--awb-caption-title-line-height:var(--h2_typography-line-height);--awb-caption-title-letter-spacing:var(--h2_typography-letter-spacing);\"><span class=\" fusion-imageframe imageframe-none imageframe-2 hover-type-none\"><img decoding=\"async\" width=\"335\" height=\"73\" title=\"logo-onuar\" src=\"http:\/\/iballester.edu.ar\/wp-content\/uploads\/2018\/06\/logo-onuar.png\" alt class=\"img-responsive wp-image-2119\" srcset=\"https:\/\/iballester.edu.ar\/wp-content\/uploads\/2018\/06\/logo-onuar-200x44.png 200w, https:\/\/iballester.edu.ar\/wp-content\/uploads\/2018\/06\/logo-onuar.png 335w\" sizes=\"(max-width: 800px) 100vw, 335px\" \/><\/span><\/div><div class=\"fusion-sep-clear\"><\/div><div class=\"fusion-separator fusion-full-width-sep\" style=\"margin-left: auto;margin-right: auto;margin-top:20px;margin-bottom:30px;width:100%;\"><\/div><div class=\"fusion-sep-clear\"><\/div><div class=\"fusion-image-element in-legacy-container\" style=\"--awb-caption-title-font-family:var(--h2_typography-font-family);--awb-caption-title-font-weight:var(--h2_typography-font-weight);--awb-caption-title-font-style:var(--h2_typography-font-style);--awb-caption-title-size:var(--h2_typography-font-size);--awb-caption-title-transform:var(--h2_typography-text-transform);--awb-caption-title-line-height:var(--h2_typography-line-height);--awb-caption-title-letter-spacing:var(--h2_typography-letter-spacing);\"><span class=\" fusion-imageframe imageframe-none imageframe-3 hover-type-none\"><img decoding=\"async\" width=\"844\" height=\"370\" title=\"ONU-AR\" src=\"http:\/\/iballester.edu.ar\/wp-content\/uploads\/2018\/06\/ONU-AR.jpg\" alt class=\"img-responsive wp-image-2120\" srcset=\"https:\/\/iballester.edu.ar\/wp-content\/uploads\/2018\/06\/ONU-AR-200x88.jpg 200w, https:\/\/iballester.edu.ar\/wp-content\/uploads\/2018\/06\/ONU-AR-400x175.jpg 400w, https:\/\/iballester.edu.ar\/wp-content\/uploads\/2018\/06\/ONU-AR-600x263.jpg 600w, https:\/\/iballester.edu.ar\/wp-content\/uploads\/2018\/06\/ONU-AR-800x351.jpg 800w, https:\/\/iballester.edu.ar\/wp-content\/uploads\/2018\/06\/ONU-AR.jpg 844w\" sizes=\"(max-width: 800px) 100vw, 600px\" \/><\/span><\/div><div class=\"fusion-clearfix\"><\/div><\/div><\/div><\/div><\/div><\/div><\/p>\n","protected":false},"excerpt":{"rendered":"","protected":false},"author":1,"featured_media":0,"parent":0,"menu_order":8,"comment_status":"closed","ping_status":"closed","template":"100-width.php","meta":{"_joinchat":[],"footnotes":""},"class_list":["post-2255","page","type-page","status-publish","hentry"],"yoast_head":"<!-- This site is optimized with the Yoast SEO plugin v27.4 - https:\/\/yoast.com\/product\/yoast-seo-wordpress\/ -->\n<title>Arbeitsgemeinschaften<\/title>\n<meta name=\"robots\" content=\"index, follow, max-snippet:-1, max-image-preview:large, max-video-preview:-1\" \/>\n<link rel=\"canonical\" href=\"https:\/\/iballester.edu.ar\/de\/arbeitsgemeinschaften\/\" \/>\n<meta property=\"og:locale\" content=\"de_DE\" \/>\n<meta property=\"og:type\" content=\"article\" \/>\n<meta property=\"og:title\" content=\"Arbeitsgemeinschaften\" \/>\n<meta property=\"og:url\" content=\"https:\/\/iballester.edu.ar\/de\/arbeitsgemeinschaften\/\" \/>\n<meta property=\"og:site_name\" content=\"Instituto Ballester\" \/>\n<meta property=\"article:publisher\" content=\"https:\/\/www.facebook.com\/iballesterDS\" \/>\n<meta property=\"article:modified_time\" content=\"2025-04-24T00:21:12+00:00\" \/>\n<meta property=\"og:image\" content=\"https:\/\/iballester.edu.ar\/wp-content\/uploads\/2023\/07\/IBallester-logo-meta-1024x576.jpg\" \/>\n<meta name=\"twitter:card\" content=\"summary_large_image\" \/>\n<meta name=\"twitter:image\" content=\"https:\/\/iballester.edu.ar\/wp-content\/uploads\/2023\/07\/IBallester-logo-meta-1024x576.jpg\" \/>\n<meta name=\"twitter:label1\" content=\"Gesch\u00e4tzte Lesezeit\" \/>\n\t<meta name=\"twitter:data1\" content=\"3\u00a0Minuten\" \/>\n<script type=\"application\/ld+json\" class=\"yoast-schema-graph\">{\"@context\":\"https:\\\/\\\/schema.org\",\"@graph\":[{\"@type\":\"WebPage\",\"@id\":\"https:\\\/\\\/iballester.edu.ar\\\/de\\\/arbeitsgemeinschaften\\\/\",\"url\":\"https:\\\/\\\/iballester.edu.ar\\\/de\\\/arbeitsgemeinschaften\\\/\",\"name\":\"Arbeitsgemeinschaften\",\"isPartOf\":{\"@id\":\"https:\\\/\\\/www.iballester.edu.ar\\\/de\\\/#website\"},\"primaryImageOfPage\":{\"@id\":\"https:\\\/\\\/iballester.edu.ar\\\/de\\\/arbeitsgemeinschaften\\\/#primaryimage\"},\"image\":{\"@id\":\"https:\\\/\\\/iballester.edu.ar\\\/de\\\/arbeitsgemeinschaften\\\/#primaryimage\"},\"thumbnailUrl\":\"http:\\\/\\\/iballester.edu.ar\\\/wp-content\\\/uploads\\\/2018\\\/06\\\/LOGO-OMA--150x150.gif\",\"datePublished\":\"2018-05-20T21:48:17+00:00\",\"dateModified\":\"2025-04-24T00:21:12+00:00\",\"breadcrumb\":{\"@id\":\"https:\\\/\\\/iballester.edu.ar\\\/de\\\/arbeitsgemeinschaften\\\/#breadcrumb\"},\"inLanguage\":\"de\",\"potentialAction\":[{\"@type\":\"ReadAction\",\"target\":[\"https:\\\/\\\/iballester.edu.ar\\\/de\\\/arbeitsgemeinschaften\\\/\"]}]},{\"@type\":\"ImageObject\",\"inLanguage\":\"de\",\"@id\":\"https:\\\/\\\/iballester.edu.ar\\\/de\\\/arbeitsgemeinschaften\\\/#primaryimage\",\"url\":\"http:\\\/\\\/iballester.edu.ar\\\/wp-content\\\/uploads\\\/2018\\\/06\\\/LOGO-OMA--150x150.gif\",\"contentUrl\":\"http:\\\/\\\/iballester.edu.ar\\\/wp-content\\\/uploads\\\/2018\\\/06\\\/LOGO-OMA--150x150.gif\"},{\"@type\":\"BreadcrumbList\",\"@id\":\"https:\\\/\\\/iballester.edu.ar\\\/de\\\/arbeitsgemeinschaften\\\/#breadcrumb\",\"itemListElement\":[{\"@type\":\"ListItem\",\"position\":1,\"name\":\"Portada\",\"item\":\"https:\\\/\\\/iballester.edu.ar\\\/de\\\/\"},{\"@type\":\"ListItem\",\"position\":2,\"name\":\"Arbeitsgemeinschaften\"}]},{\"@type\":\"WebSite\",\"@id\":\"https:\\\/\\\/www.iballester.edu.ar\\\/de\\\/#website\",\"url\":\"https:\\\/\\\/www.iballester.edu.ar\\\/de\\\/\",\"name\":\"Instituto Ballester Deutsche Schule\",\"description\":\"\",\"publisher\":{\"@id\":\"https:\\\/\\\/www.iballester.edu.ar\\\/de\\\/#organization\"},\"alternateName\":\"IBallester\",\"potentialAction\":[{\"@type\":\"SearchAction\",\"target\":{\"@type\":\"EntryPoint\",\"urlTemplate\":\"https:\\\/\\\/www.iballester.edu.ar\\\/de\\\/?s={search_term_string}\"},\"query-input\":{\"@type\":\"PropertyValueSpecification\",\"valueRequired\":true,\"valueName\":\"search_term_string\"}}],\"inLanguage\":\"de\"},{\"@type\":\"Organization\",\"@id\":\"https:\\\/\\\/www.iballester.edu.ar\\\/de\\\/#organization\",\"name\":\"Instituto Ballester Deutsche Schule\",\"alternateName\":\"IBallester\",\"url\":\"https:\\\/\\\/www.iballester.edu.ar\\\/de\\\/\",\"logo\":{\"@type\":\"ImageObject\",\"inLanguage\":\"de\",\"@id\":\"https:\\\/\\\/www.iballester.edu.ar\\\/de\\\/#\\\/schema\\\/logo\\\/image\\\/\",\"url\":\"https:\\\/\\\/iballester.edu.ar\\\/wp-content\\\/uploads\\\/2023\\\/07\\\/IBallester-logo-meta.jpg\",\"contentUrl\":\"https:\\\/\\\/iballester.edu.ar\\\/wp-content\\\/uploads\\\/2023\\\/07\\\/IBallester-logo-meta.jpg\",\"width\":1920,\"height\":1080,\"caption\":\"Instituto Ballester Deutsche Schule\"},\"image\":{\"@id\":\"https:\\\/\\\/www.iballester.edu.ar\\\/de\\\/#\\\/schema\\\/logo\\\/image\\\/\"},\"sameAs\":[\"https:\\\/\\\/www.facebook.com\\\/iballesterDS\",\"https:\\\/\\\/www.instagram.com\\\/iballesteroficial\\\/\",\"https:\\\/\\\/www.youtube.com\\\/@IBallesterDS\",\"https:\\\/\\\/www.linkedin.com\\\/in\\\/instituto-ballester-deutsche-schule-310b89128\\\/\"]}]}<\/script>\n<!-- \/ Yoast SEO plugin. -->","yoast_head_json":{"title":"Arbeitsgemeinschaften","robots":{"index":"index","follow":"follow","max-snippet":"max-snippet:-1","max-image-preview":"max-image-preview:large","max-video-preview":"max-video-preview:-1"},"canonical":"https:\/\/iballester.edu.ar\/de\/arbeitsgemeinschaften\/","og_locale":"de_DE","og_type":"article","og_title":"Arbeitsgemeinschaften","og_url":"https:\/\/iballester.edu.ar\/de\/arbeitsgemeinschaften\/","og_site_name":"Instituto Ballester","article_publisher":"https:\/\/www.facebook.com\/iballesterDS","article_modified_time":"2025-04-24T00:21:12+00:00","og_image":[{"url":"https:\/\/iballester.edu.ar\/wp-content\/uploads\/2023\/07\/IBallester-logo-meta-1024x576.jpg","type":"","width":"","height":""}],"twitter_card":"summary_large_image","twitter_image":"https:\/\/iballester.edu.ar\/wp-content\/uploads\/2023\/07\/IBallester-logo-meta-1024x576.jpg","twitter_misc":{"Gesch\u00e4tzte Lesezeit":"3\u00a0Minuten"},"schema":{"@context":"https:\/\/schema.org","@graph":[{"@type":"WebPage","@id":"https:\/\/iballester.edu.ar\/de\/arbeitsgemeinschaften\/","url":"https:\/\/iballester.edu.ar\/de\/arbeitsgemeinschaften\/","name":"Arbeitsgemeinschaften","isPartOf":{"@id":"https:\/\/www.iballester.edu.ar\/de\/#website"},"primaryImageOfPage":{"@id":"https:\/\/iballester.edu.ar\/de\/arbeitsgemeinschaften\/#primaryimage"},"image":{"@id":"https:\/\/iballester.edu.ar\/de\/arbeitsgemeinschaften\/#primaryimage"},"thumbnailUrl":"http:\/\/iballester.edu.ar\/wp-content\/uploads\/2018\/06\/LOGO-OMA--150x150.gif","datePublished":"2018-05-20T21:48:17+00:00","dateModified":"2025-04-24T00:21:12+00:00","breadcrumb":{"@id":"https:\/\/iballester.edu.ar\/de\/arbeitsgemeinschaften\/#breadcrumb"},"inLanguage":"de","potentialAction":[{"@type":"ReadAction","target":["https:\/\/iballester.edu.ar\/de\/arbeitsgemeinschaften\/"]}]},{"@type":"ImageObject","inLanguage":"de","@id":"https:\/\/iballester.edu.ar\/de\/arbeitsgemeinschaften\/#primaryimage","url":"http:\/\/iballester.edu.ar\/wp-content\/uploads\/2018\/06\/LOGO-OMA--150x150.gif","contentUrl":"http:\/\/iballester.edu.ar\/wp-content\/uploads\/2018\/06\/LOGO-OMA--150x150.gif"},{"@type":"BreadcrumbList","@id":"https:\/\/iballester.edu.ar\/de\/arbeitsgemeinschaften\/#breadcrumb","itemListElement":[{"@type":"ListItem","position":1,"name":"Portada","item":"https:\/\/iballester.edu.ar\/de\/"},{"@type":"ListItem","position":2,"name":"Arbeitsgemeinschaften"}]},{"@type":"WebSite","@id":"https:\/\/www.iballester.edu.ar\/de\/#website","url":"https:\/\/www.iballester.edu.ar\/de\/","name":"Instituto Ballester Deutsche Schule","description":"","publisher":{"@id":"https:\/\/www.iballester.edu.ar\/de\/#organization"},"alternateName":"IBallester","potentialAction":[{"@type":"SearchAction","target":{"@type":"EntryPoint","urlTemplate":"https:\/\/www.iballester.edu.ar\/de\/?s={search_term_string}"},"query-input":{"@type":"PropertyValueSpecification","valueRequired":true,"valueName":"search_term_string"}}],"inLanguage":"de"},{"@type":"Organization","@id":"https:\/\/www.iballester.edu.ar\/de\/#organization","name":"Instituto Ballester Deutsche Schule","alternateName":"IBallester","url":"https:\/\/www.iballester.edu.ar\/de\/","logo":{"@type":"ImageObject","inLanguage":"de","@id":"https:\/\/www.iballester.edu.ar\/de\/#\/schema\/logo\/image\/","url":"https:\/\/iballester.edu.ar\/wp-content\/uploads\/2023\/07\/IBallester-logo-meta.jpg","contentUrl":"https:\/\/iballester.edu.ar\/wp-content\/uploads\/2023\/07\/IBallester-logo-meta.jpg","width":1920,"height":1080,"caption":"Instituto Ballester Deutsche Schule"},"image":{"@id":"https:\/\/www.iballester.edu.ar\/de\/#\/schema\/logo\/image\/"},"sameAs":["https:\/\/www.facebook.com\/iballesterDS","https:\/\/www.instagram.com\/iballesteroficial\/","https:\/\/www.youtube.com\/@IBallesterDS","https:\/\/www.linkedin.com\/in\/instituto-ballester-deutsche-schule-310b89128\/"]}]}},"_links":{"self":[{"href":"https:\/\/iballester.edu.ar\/de\/wp-json\/wp\/v2\/pages\/2255","targetHints":{"allow":["GET"]}}],"collection":[{"href":"https:\/\/iballester.edu.ar\/de\/wp-json\/wp\/v2\/pages"}],"about":[{"href":"https:\/\/iballester.edu.ar\/de\/wp-json\/wp\/v2\/types\/page"}],"author":[{"embeddable":true,"href":"https:\/\/iballester.edu.ar\/de\/wp-json\/wp\/v2\/users\/1"}],"replies":[{"embeddable":true,"href":"https:\/\/iballester.edu.ar\/de\/wp-json\/wp\/v2\/comments?post=2255"}],"version-history":[{"count":0,"href":"https:\/\/iballester.edu.ar\/de\/wp-json\/wp\/v2\/pages\/2255\/revisions"}],"wp:attachment":[{"href":"https:\/\/iballester.edu.ar\/de\/wp-json\/wp\/v2\/media?parent=2255"}],"curies":[{"name":"wp","href":"https:\/\/api.w.org\/{rel}","templated":true}]}}