{"id":4,"date":"2014-10-07T11:36:25","date_gmt":"2014-10-07T14:36:25","guid":{"rendered":"http:\/\/iballester.edu.ar\/ballester-alumni\/?page_id=4"},"modified":"2025-04-18T21:44:56","modified_gmt":"2025-04-19T00:44:56","slug":"sobre-nosotros","status":"publish","type":"page","link":"https:\/\/iballester.edu.ar\/ballester-alumni\/sobre-nosotros\/","title":{"rendered":"Sobre Nosotros"},"content":{"rendered":"<div class=\"fusion-fullwidth fullwidth-box fusion-builder-row-1 hundred-percent-fullwidth non-hundred-percent-height-scrolling\" style=\"--awb-border-radius-top-left:0px;--awb-border-radius-top-right:0px;--awb-border-radius-bottom-right:0px;--awb-border-radius-bottom-left:0px;--awb-overflow:visible;--awb-flex-wrap:wrap;\" ><div class=\"fusion-builder-row fusion-row\"><div class=\"fusion-layout-column fusion_builder_column fusion-builder-column-0 fusion_builder_column_2_3 2_3 fusion-two-third fusion-column-first\" style=\"--awb-bg-blend:overlay;--awb-bg-size:cover;width:66.666666666667%;width:calc(66.666666666667% - ( ( 4% ) * 0.66666666666667 ) );margin-right: 4%;\"><div class=\"fusion-column-wrapper fusion-flex-column-wrapper-legacy\"><div class=\"fusion-title title fusion-title-1 fusion-title-text fusion-title-size-two\" style=\"--awb-sep-color:#bcbec0;\"><h2 class=\"fusion-title-heading title-heading-left\" style=\"margin:0;\">Ballester Alumni<\/h2><span class=\"awb-title-spacer\"><\/span><div class=\"title-sep-container\"><div class=\"title-sep sep-double sep-solid\" style=\"border-color:#bcbec0;\"><\/div><\/div><\/div><div class=\"fusion-text fusion-text-1\"><h4>Ballester Alumni es el concepto de comunidad que nuclea a todas aquellas personas que hayan sido alumnos del Instituto Ballester, tanto de su sede Villa Adelina como Villa Ballester, independientemente de haber terminado sus estudios en la instituci\u00f3n y que se sientan ligados a la misma.<\/h4>\n<\/div><div class=\"accordian fusion-accordian\" style=\"--awb-border-size:1px;--awb-icon-size:16px;--awb-content-font-size:16px;--awb-icon-alignment:left;--awb-hover-color:#f9f9f9;--awb-border-color:#cccccc;--awb-background-color:#ffffff;--awb-divider-color:#e0dede;--awb-divider-hover-color:#e0dede;--awb-icon-color:#ffffff;--awb-title-color:#00632e;--awb-content-color:#606060;--awb-icon-box-color:#333333;--awb-toggle-hover-accent-color:#76b343;--awb-title-font-family:&quot;Mulish&quot;;--awb-title-font-weight:400;--awb-title-font-style:normal;--awb-title-font-size:18px;--awb-content-font-family:&quot;PT Sans&quot;;--awb-content-font-style:normal;--awb-content-font-weight:400;\"><div class=\"panel-group fusion-toggle-icon-boxed\" id=\"accordion-4-1\"><div class=\"fusion-panel panel-default panel-e54cb0d3c7562a511 fusion-toggle-has-divider\" style=\"--awb-title-color:#00632e;\"><div class=\"panel-heading\"><h4 class=\"panel-title toggle\" id=\"toggle_e54cb0d3c7562a511\"><a aria-expanded=\"false\" aria-controls=\"e54cb0d3c7562a511\" role=\"button\" data-toggle=\"collapse\" data-parent=\"#accordion-4-1\" data-target=\"#e54cb0d3c7562a511\" href=\"#e54cb0d3c7562a511\"><span class=\"fusion-toggle-icon-wrapper\" aria-hidden=\"true\"><i class=\"fa-fusion-box active-icon awb-icon-minus\" aria-hidden=\"true\"><\/i><i class=\"fa-fusion-box inactive-icon awb-icon-plus\" aria-hidden=\"true\"><\/i><\/span><span class=\"fusion-toggle-heading\">Organizaci\u00f3n<\/span><\/a><\/h4><\/div><div id=\"e54cb0d3c7562a511\" class=\"panel-collapse collapse \" aria-labelledby=\"toggle_e54cb0d3c7562a511\"><div class=\"panel-body toggle-content fusion-clearfix\">\n<p>Ballester Alumni est\u00e1 organizado desde el Departamento de Desarrollo Institucional del Instituto Ballester Deutsche Schule con personal del colegio.<\/p>\n<\/div><\/div><\/div><div class=\"fusion-panel panel-default panel-9331ca006b9271abd fusion-toggle-has-divider\" style=\"--awb-title-color:#00632e;\"><div class=\"panel-heading\"><h4 class=\"panel-title toggle\" id=\"toggle_9331ca006b9271abd\"><a aria-expanded=\"false\" aria-controls=\"9331ca006b9271abd\" role=\"button\" data-toggle=\"collapse\" data-parent=\"#accordion-4-1\" data-target=\"#9331ca006b9271abd\" href=\"#9331ca006b9271abd\"><span class=\"fusion-toggle-icon-wrapper\" aria-hidden=\"true\"><i class=\"fa-fusion-box active-icon awb-icon-minus\" aria-hidden=\"true\"><\/i><i class=\"fa-fusion-box inactive-icon awb-icon-plus\" aria-hidden=\"true\"><\/i><\/span><span class=\"fusion-toggle-heading\">Implementaci\u00f3n<\/span><\/a><\/h4><\/div><div id=\"9331ca006b9271abd\" class=\"panel-collapse collapse \" aria-labelledby=\"toggle_9331ca006b9271abd\"><div class=\"panel-body toggle-content fusion-clearfix\">\n<p>A los efectos de lograr una flu\u00edda comunicaci\u00f3n con los Alumni se crea:<\/p>\n<ul style=\"--awb-size:16px;--awb-iconcolor:#000000;--awb-line-height:27.2px;--awb-icon-width:27.2px;--awb-icon-height:27.2px;--awb-icon-margin:11.2px;--awb-content-margin:38.4px;--awb-circlecolor:#8cc63f;--awb-circle-yes-font-size:14.08px;\" class=\"fusion-checklist fusion-checklist-1 fusion-checklist-default type-icons\">\n<li class=\"fusion-li-item\" style=\"\"><span class=\"icon-wrapper circle-yes\"><i class=\"fusion-li-icon fa fa-chevron-right\" aria-hidden=\"true\"><\/i><\/span><div class=\"fusion-li-item-content\">Una base de datos de mail segmentada por a\u00f1os de promoci\u00f3n. En esta base de datos se re\u00fane la siguiente informaci\u00f3n: a\u00f1o de promoci\u00f3n, apellido y nombre, direcci\u00f3n de mail, tel\u00e9fono, domicilio actual, estudios cursados \/ profesi\u00f3n, ocupaci\u00f3n, empresa en la que trabaja, fecha de nacimiento. Con la informaci\u00f3n de esa base de datos se env\u00edan novedades a la comunidad Alumni a los efectos de mantenerlos informados.<\/p>\n<\/div><\/li><li class=\"fusion-li-item\" style=\"\"><span class=\"icon-wrapper circle-yes\"><i class=\"fusion-li-icon fa fa-chevron-right\" aria-hidden=\"true\"><\/i><\/span><div class=\"fusion-li-item-content\">una p\u00e1gina web<\/div><\/li><li class=\"fusion-li-item\" style=\"\"><span class=\"icon-wrapper circle-yes\"><i class=\"fusion-li-icon fa fa-chevron-right\" aria-hidden=\"true\"><\/i><\/span><div class=\"fusion-li-item-content\">un sitio en Facebook. <\/div><\/li><li class=\"fusion-li-item\" style=\"\"><span class=\"icon-wrapper circle-yes\"><i class=\"fusion-li-icon fa fa-chevron-right\" aria-hidden=\"true\"><\/i><\/span><div class=\"fusion-li-item-content\">una cuenta en Instagram.<\/div><\/li>\n<\/ul>\n<\/div><\/div><\/div><div class=\"fusion-panel panel-default panel-7118210d4def45739 fusion-toggle-has-divider\" style=\"--awb-title-color:#00632e;\"><div class=\"panel-heading\"><h4 class=\"panel-title toggle\" id=\"toggle_7118210d4def45739\"><a aria-expanded=\"false\" aria-controls=\"7118210d4def45739\" role=\"button\" data-toggle=\"collapse\" data-parent=\"#accordion-4-1\" data-target=\"#7118210d4def45739\" href=\"#7118210d4def45739\"><span class=\"fusion-toggle-icon-wrapper\" aria-hidden=\"true\"><i class=\"fa-fusion-box active-icon awb-icon-minus\" aria-hidden=\"true\"><\/i><i class=\"fa-fusion-box inactive-icon awb-icon-plus\" aria-hidden=\"true\"><\/i><\/span><span class=\"fusion-toggle-heading\">Actividades<\/span><\/a><\/h4><\/div><div id=\"7118210d4def45739\" class=\"panel-collapse collapse \" aria-labelledby=\"toggle_7118210d4def45739\"><div class=\"panel-body toggle-content fusion-clearfix\">\n<p>Se proponen actividades a fin de que los Alumni contin\u00faen sinti\u00e9ndose parte del Instituto Ballester como ser:<\/p>\n<ul style=\"--awb-size:16px;--awb-iconcolor:#000000;--awb-line-height:27.2px;--awb-icon-width:27.2px;--awb-icon-height:27.2px;--awb-icon-margin:11.2px;--awb-content-margin:38.4px;--awb-circlecolor:#8cc63f;--awb-circle-yes-font-size:14.08px;\" class=\"fusion-checklist fusion-checklist-2 fusion-checklist-default type-icons\"><li class=\"fusion-li-item\" style=\"\"><span class=\"icon-wrapper circle-yes\"><i class=\"fusion-li-icon fa fa-chevron-right\" aria-hidden=\"true\"><\/i><\/span><div class=\"fusion-li-item-content\">Alumni-Treffen: convocatoria anual para el reencuentro de las distintas promociones con entrega de medallas a las promociones que cumplen 10, 20, 25, 30, 40, 50 y 60 a\u00f1os de egresados.<\/p>\n<\/div><\/li><li class=\"fusion-li-item\" style=\"\"><span class=\"icon-wrapper circle-yes\"><i class=\"fusion-li-icon fa fa-chevron-right\" aria-hidden=\"true\"><\/i><\/span><div class=\"fusion-li-item-content\">Implementaci\u00f3n de una bolsa de trabajo: env\u00edo de mails retransmitiendo las b\u00fasquedas laborales que consultoras, empresas o particulares le hagan llegar al colegio. Recopilaci\u00f3n de esas b\u00fasquedas laborales en el sitio web.<\/p>\n<\/div><\/li><li class=\"fusion-li-item\" style=\"\"><span class=\"icon-wrapper circle-yes\"><i class=\"fusion-li-icon fa fa-chevron-right\" aria-hidden=\"true\"><\/i><\/span><div class=\"fusion-li-item-content\">Talleres de alem\u00e1n: de acuerdo a los requerimientos se ofrecen talleres de alem\u00e1n en formato virtual.<\/p>\n<\/div><\/li><li class=\"fusion-li-item\" style=\"\"><span class=\"icon-wrapper circle-yes\"><i class=\"fusion-li-icon fa fa-chevron-right\" aria-hidden=\"true\"><\/i><\/span><div class=\"fusion-li-item-content\">Uso de instalaciones: los integrantes de la comunidad Ballester Alumni podr\u00e1n utilizar la pileta del colegio y la cancha de futbol en d\u00edas y horarios prefijados. El uso del natatorio y de la cancha de futbol es arancelado.<\/p>\n<\/div><\/li><li class=\"fusion-li-item\" style=\"\"><span class=\"icon-wrapper circle-yes\"><i class=\"fusion-li-icon fa fa-chevron-right\" aria-hidden=\"true\"><\/i><\/span><div class=\"fusion-li-item-content\">Charlas para alumnos: se invitar\u00e1 a algunos Alumni a dar charlas a los actuales alumnos en las que puedan exponer sus experiencias post-colegio (Zukunft-Treffen).<\/p>\n<\/div><\/li><li class=\"fusion-li-item\" style=\"\"><span class=\"icon-wrapper circle-yes\"><i class=\"fusion-li-icon fa fa-chevron-right\" aria-hidden=\"true\"><\/i><\/span><div class=\"fusion-li-item-content\">Campeonato de futbol: se convoca a los Alumni a participar del campeonato de futbol anual, del cual tambi\u00e9n participan padres de la comunidad.<\/p>\n<\/div><\/li><\/ul>\n<\/div><\/div><\/div><\/div><\/div><div class=\"fusion-clearfix\"><\/div><\/div><\/div><div class=\"fusion-layout-column fusion_builder_column fusion-builder-column-1 fusion_builder_column_1_3 1_3 fusion-one-third fusion-column-last\" style=\"--awb-bg-blend:overlay;--awb-bg-size:cover;width:33.333333333333%;width:calc(33.333333333333% - ( ( 4% ) * 0.33333333333333 ) );\"><div class=\"fusion-column-wrapper fusion-flex-column-wrapper-legacy\"><div class=\"fusion-title title fusion-title-2 fusion-title-text fusion-title-size-two\" style=\"--awb-sep-color:#bcbec0;\"><h2 class=\"fusion-title-heading title-heading-left\" style=\"margin:0;\">Objetivo<\/h2><span class=\"awb-title-spacer\"><\/span><div class=\"title-sep-container\"><div class=\"title-sep sep-double sep-solid\" style=\"border-color:#bcbec0;\"><\/div><\/div><\/div><div class=\"fusion-text fusion-text-2\"><h4>Su objetivo es afianzar el v\u00ednculo con los egresados del colegio y brindar servicios a los mismos.<\/h4>\n<p><img decoding=\"async\" class=\"alignnone wp-image-292 size-full\" src=\"http:\/\/iballester.edu.ar\/ballester-alumni\/wp-content\/uploads\/medallas.jpg\" alt=\"medallas exalumnos\" width=\"286\" height=\"350\" srcset=\"https:\/\/iballester.edu.ar\/ballester-alumni\/wp-content\/uploads\/medallas-245x300.jpg 245w, https:\/\/iballester.edu.ar\/ballester-alumni\/wp-content\/uploads\/medallas.jpg 286w\" sizes=\"(max-width: 286px) 100vw, 286px\" \/><\/p>\n<\/div><div class=\"fusion-clearfix\"><\/div><\/div><\/div><\/div><\/div>\n","protected":false},"excerpt":{"rendered":"","protected":false},"author":40,"featured_media":0,"parent":0,"menu_order":0,"comment_status":"closed","ping_status":"open","template":"","meta":{"footnotes":""},"class_list":["post-4","page","type-page","status-publish","hentry"],"_links":{"self":[{"href":"https:\/\/iballester.edu.ar\/ballester-alumni\/wp-json\/wp\/v2\/pages\/4","targetHints":{"allow":["GET"]}}],"collection":[{"href":"https:\/\/iballester.edu.ar\/ballester-alumni\/wp-json\/wp\/v2\/pages"}],"about":[{"href":"https:\/\/iballester.edu.ar\/ballester-alumni\/wp-json\/wp\/v2\/types\/page"}],"author":[{"embeddable":true,"href":"https:\/\/iballester.edu.ar\/ballester-alumni\/wp-json\/wp\/v2\/users\/40"}],"replies":[{"embeddable":true,"href":"https:\/\/iballester.edu.ar\/ballester-alumni\/wp-json\/wp\/v2\/comments?post=4"}],"version-history":[{"count":29,"href":"https:\/\/iballester.edu.ar\/ballester-alumni\/wp-json\/wp\/v2\/pages\/4\/revisions"}],"predecessor-version":[{"id":4345,"href":"https:\/\/iballester.edu.ar\/ballester-alumni\/wp-json\/wp\/v2\/pages\/4\/revisions\/4345"}],"wp:attachment":[{"href":"https:\/\/iballester.edu.ar\/ballester-alumni\/wp-json\/wp\/v2\/media?parent=4"}],"curies":[{"name":"wp","href":"https:\/\/api.w.org\/{rel}","templated":true}]}}