{"id":3009,"date":"2024-06-17T12:18:20","date_gmt":"2024-06-17T15:18:20","guid":{"rendered":"https:\/\/iballester.edu.ar\/ballester-alumni\/?page_id=3009"},"modified":"2024-06-17T12:40:33","modified_gmt":"2024-06-17T15:40:33","slug":"terminos-y-condiciones","status":"publish","type":"page","link":"https:\/\/iballester.edu.ar\/ballester-alumni\/terminos-y-condiciones\/","title":{"rendered":"T\u00e9rminos y condiciones"},"content":{"rendered":"<div class=\"fusion-fullwidth fullwidth-box fusion-builder-row-1 fusion-flex-container nonhundred-percent-fullwidth non-hundred-percent-height-scrolling\" style=\"--awb-border-radius-top-left:0px;--awb-border-radius-top-right:0px;--awb-border-radius-bottom-right:0px;--awb-border-radius-bottom-left:0px;--awb-padding-right:8%;--awb-padding-left:8%;--awb-flex-wrap:wrap;\" ><div class=\"fusion-builder-row fusion-row fusion-flex-align-items-flex-start fusion-flex-content-wrap\" style=\"max-width:1144px;margin-left: calc(-4% \/ 2 );margin-right: calc(-4% \/ 2 );\"><div class=\"fusion-layout-column fusion_builder_column fusion-builder-column-0 fusion_builder_column_1_1 1_1 fusion-flex-column\" style=\"--awb-bg-size:cover;--awb-width-large:100%;--awb-margin-top-large:0px;--awb-spacing-right-large:1.92%;--awb-margin-bottom-large:0px;--awb-spacing-left-large:1.92%;--awb-width-medium:100%;--awb-spacing-right-medium:1.92%;--awb-spacing-left-medium:1.92%;--awb-width-small:100%;--awb-spacing-right-small:1.92%;--awb-spacing-left-small:1.92%;\"><div class=\"fusion-column-wrapper fusion-flex-justify-content-flex-start fusion-content-layout-column\"><div class=\"fusion-text fusion-text-1\"><h2 style=\"text-align: center;\">Aviso Legal sobre el Uso de Datos Recolectados<\/h2>\n<p>Al registrarse en nuestra lista de Alumni, usted acepta y consiente los siguientes t\u00e9rminos y condiciones relacionados con el uso de sus datos personales:<\/p>\n<p><strong>1. **Responsable del Tratamiento de Datos**:<\/strong><br \/>\n<strong>Sociedad Escolar Alemana de Villa Ballester<\/strong> es la entidad responsable del tratamiento de los datos personales proporcionados por usted a trav\u00e9s del formulario de registro.<\/p>\n<p><strong>2. **Finalidad del Tratamiento**:<\/strong><br \/>\nLos datos personales recolectados ser\u00e1n utilizados con las siguientes finalidades:<br \/>\n&#8211; Mantenerle informado\/a sobre noticias, eventos y actividades relacionadas con la comunidad de Alumni.<br \/>\n&#8211; Facilitar oportunidades de networking y desarrollo profesional.<br \/>\n&#8211; Ofrecer programas y beneficios especiales dise\u00f1ados para los miembros de nuestra comunidad de Alumni.<br \/>\n&#8211; Realizar estudios y an\u00e1lisis para mejorar nuestros servicios y la experiencia de nuestros Alumni.<\/p>\n<p><strong>3. **Datos Personales Recolectados**:<\/strong><br \/>\nLos datos que se recolectar\u00e1n incluyen, pero no se limitan a: nombre, direcci\u00f3n de correo electr\u00f3nico, n\u00famero de tel\u00e9fono, direcci\u00f3n postal, informaci\u00f3n acad\u00e9mica y profesional.<\/p>\n<p><strong>4. **Legitimaci\u00f3n para el Tratamiento de Datos**:<\/strong><br \/>\nLa base legal para el tratamiento de sus datos personales es su consentimiento expl\u00edcito, otorgado al completar y enviar el formulario de registro.<\/p>\n<p><strong>5. **Conservaci\u00f3n de los Datos**:<\/strong><br \/>\nSus datos personales ser\u00e1n conservados mientras mantenga su condici\u00f3n de Alumni y no solicite su supresi\u00f3n. Una vez que deje de ser necesario para los fines por los que fueron recolectados, sus datos ser\u00e1n eliminados de manera segura.<\/p>\n<p><strong>6. **Derechos del Titular de los Datos**:<\/strong><br \/>\nUsted tiene derecho a:<br \/>\n&#8211; Acceder a sus datos personales y obtener informaci\u00f3n sobre su tratamiento.<br \/>\n&#8211; Rectificar cualquier dato inexacto o incompleto.<br \/>\n&#8211; Solicitar la supresi\u00f3n de sus datos personales cuando ya no sean necesarios para los fines recogidos.<br \/>\n&#8211; Oponerse al tratamiento de sus datos personales o solicitar su limitaci\u00f3n.<br \/>\n&#8211; Retirar su consentimiento en cualquier momento, sin que ello afecte la licitud del tratamiento basado en el consentimiento previo a su retirada.<\/p>\n<p>Para ejercer estos derechos, puede contactar con nosotros a trav\u00e9s de <a href=\"mailto:ballester.alumni@iballester.edu.ar\">ballester.alumni@iballester.edu.ar<\/a> o Calle 69 N\u00b0 5140 (ex San Mart\u00edn 444) | B1653LXJ | Villa Ballester | Buenos Aires, Argentina<\/p>\n<p><strong>7. **Medidas de Seguridad**:<\/strong><br \/>\n<strong>Sociedad Escolar Alemana de Villa Ballester<\/strong> implementa medidas de seguridad t\u00e9cnicas y organizativas para proteger sus datos personales contra p\u00e9rdida, uso indebido, acceso no autorizado, divulgaci\u00f3n, alteraci\u00f3n y destrucci\u00f3n.<\/p>\n<p><strong>8. **Actualizaci\u00f3n del Aviso Legal**:<\/strong><br \/>\nEste aviso legal puede ser actualizado peri\u00f3dicamente para reflejar cambios en nuestras pr\u00e1cticas de privacidad. Le notificaremos sobre cualquier cambio material a trav\u00e9s de los medios habituales de comunicaci\u00f3n.<\/p>\n<p>Si tiene alguna pregunta o inquietud sobre este aviso legal o sobre c\u00f3mo tratamos sus datos personales, por favor, no dude en ponerse en contacto con nosotros.<\/p>\n<\/div><\/div><\/div><\/div><\/div>\n","protected":false},"excerpt":{"rendered":"","protected":false},"author":40,"featured_media":0,"parent":0,"menu_order":10,"comment_status":"closed","ping_status":"closed","template":"","meta":{"footnotes":""},"class_list":["post-3009","page","type-page","status-publish","hentry"],"_links":{"self":[{"href":"https:\/\/iballester.edu.ar\/ballester-alumni\/wp-json\/wp\/v2\/pages\/3009","targetHints":{"allow":["GET"]}}],"collection":[{"href":"https:\/\/iballester.edu.ar\/ballester-alumni\/wp-json\/wp\/v2\/pages"}],"about":[{"href":"https:\/\/iballester.edu.ar\/ballester-alumni\/wp-json\/wp\/v2\/types\/page"}],"author":[{"embeddable":true,"href":"https:\/\/iballester.edu.ar\/ballester-alumni\/wp-json\/wp\/v2\/users\/40"}],"replies":[{"embeddable":true,"href":"https:\/\/iballester.edu.ar\/ballester-alumni\/wp-json\/wp\/v2\/comments?post=3009"}],"version-history":[{"count":5,"href":"https:\/\/iballester.edu.ar\/ballester-alumni\/wp-json\/wp\/v2\/pages\/3009\/revisions"}],"predecessor-version":[{"id":3014,"href":"https:\/\/iballester.edu.ar\/ballester-alumni\/wp-json\/wp\/v2\/pages\/3009\/revisions\/3014"}],"wp:attachment":[{"href":"https:\/\/iballester.edu.ar\/ballester-alumni\/wp-json\/wp\/v2\/media?parent=3009"}],"curies":[{"name":"wp","href":"https:\/\/api.w.org\/{rel}","templated":true}]}}