{"id":4342,"date":"2014-10-07T11:36:25","date_gmt":"2014-10-07T14:36:25","guid":{"rendered":"https:\/\/iballester.edu.ar\/ballester-alumni\/ueber-uns\/"},"modified":"2025-04-18T21:45:39","modified_gmt":"2025-04-19T00:45:39","slug":"ueber-uns","status":"publish","type":"page","link":"https:\/\/iballester.edu.ar\/ballester-alumni\/de\/ueber-uns\/","title":{"rendered":"\u00dcber uns"},"content":{"rendered":"<div class=\"fusion-fullwidth fullwidth-box fusion-builder-row-1 hundred-percent-fullwidth non-hundred-percent-height-scrolling\" style=\"--awb-border-radius-top-left:0px;--awb-border-radius-top-right:0px;--awb-border-radius-bottom-right:0px;--awb-border-radius-bottom-left:0px;--awb-overflow:visible;--awb-flex-wrap:wrap;\" ><div class=\"fusion-builder-row fusion-row\"><div class=\"fusion-layout-column fusion_builder_column fusion-builder-column-0 fusion_builder_column_2_3 2_3 fusion-two-third fusion-column-first\" style=\"--awb-bg-blend:overlay;--awb-bg-size:cover;width:66.666666666667%;width:calc(66.666666666667% - ( ( 4% ) * 0.66666666666667 ) );margin-right: 4%;\"><div class=\"fusion-column-wrapper fusion-flex-column-wrapper-legacy\"><div class=\"fusion-title title fusion-title-1 fusion-title-text fusion-title-size-two\" style=\"--awb-sep-color:#bcbec0;\"><h2 class=\"fusion-title-heading title-heading-left\" style=\"margin:0;\">Ballester Alumni<\/h2><span class=\"awb-title-spacer\"><\/span><div class=\"title-sep-container\"><div class=\"title-sep sep-double sep-solid\" style=\"border-color:#bcbec0;\"><\/div><\/div><\/div><div class=\"fusion-text fusion-text-1\"><h4>Ballester Alumni ist das Konzept der Gemeinschaft, das alle Personen zusammenbringt, die am Instituto ballester studiert haben, sowohl am Standort Villa Adelina wie auch am Standort Villa Ballester, unabh\u00e4ngig davon, ob sie ihr Studium in der Schule abgeschlossen haben, und sich jedoch mit der Schule verbunden f\u00fchlen.<\/h4>\n<\/div><div class=\"accordian fusion-accordian\" style=\"--awb-border-size:1px;--awb-icon-size:16px;--awb-content-font-size:16px;--awb-icon-alignment:left;--awb-hover-color:#f9f9f9;--awb-border-color:#cccccc;--awb-background-color:#ffffff;--awb-divider-color:#e0dede;--awb-divider-hover-color:#e0dede;--awb-icon-color:#ffffff;--awb-title-color:#00632e;--awb-content-color:#606060;--awb-icon-box-color:#333333;--awb-toggle-hover-accent-color:#76b343;--awb-title-font-family:&quot;Mulish&quot;;--awb-title-font-weight:400;--awb-title-font-style:normal;--awb-title-font-size:18px;--awb-content-font-family:&quot;PT Sans&quot;;--awb-content-font-style:normal;--awb-content-font-weight:400;\"><div class=\"panel-group fusion-toggle-icon-boxed\" id=\"accordion-4342-1\"><div class=\"fusion-panel panel-default panel-3739dbf6b3d0fe1ba fusion-toggle-has-divider\" style=\"--awb-title-color:#00632e;\"><div class=\"panel-heading\"><h4 class=\"panel-title toggle\" id=\"toggle_3739dbf6b3d0fe1ba\"><a aria-expanded=\"false\" aria-controls=\"3739dbf6b3d0fe1ba\" role=\"button\" data-toggle=\"collapse\" data-parent=\"#accordion-4342-1\" data-target=\"#3739dbf6b3d0fe1ba\" href=\"#3739dbf6b3d0fe1ba\"><span class=\"fusion-toggle-icon-wrapper\" aria-hidden=\"true\"><i class=\"fa-fusion-box active-icon awb-icon-minus\" aria-hidden=\"true\"><\/i><i class=\"fa-fusion-box inactive-icon awb-icon-plus\" aria-hidden=\"true\"><\/i><\/span><span class=\"fusion-toggle-heading\">Organisation<\/span><\/a><\/h4><\/div><div id=\"3739dbf6b3d0fe1ba\" class=\"panel-collapse collapse \" aria-labelledby=\"toggle_3739dbf6b3d0fe1ba\"><div class=\"panel-body toggle-content fusion-clearfix\">\n<p>Ballester Alumni wird von der Abteilung \u00d6ffentlichkeitsarbeit und Marketing des Instituto Ballester Deutsche Schule mit eigenem Personal organisiert.<\/p>\n<\/div><\/div><\/div><div class=\"fusion-panel panel-default panel-acab86a5f793e6962 fusion-toggle-has-divider\" style=\"--awb-title-color:#00632e;\"><div class=\"panel-heading\"><h4 class=\"panel-title toggle\" id=\"toggle_acab86a5f793e6962\"><a aria-expanded=\"false\" aria-controls=\"acab86a5f793e6962\" role=\"button\" data-toggle=\"collapse\" data-parent=\"#accordion-4342-1\" data-target=\"#acab86a5f793e6962\" href=\"#acab86a5f793e6962\"><span class=\"fusion-toggle-icon-wrapper\" aria-hidden=\"true\"><i class=\"fa-fusion-box active-icon awb-icon-minus\" aria-hidden=\"true\"><\/i><i class=\"fa-fusion-box inactive-icon awb-icon-plus\" aria-hidden=\"true\"><\/i><\/span><span class=\"fusion-toggle-heading\">Implementierung<\/span><\/a><\/h4><\/div><div id=\"acab86a5f793e6962\" class=\"panel-collapse collapse \" aria-labelledby=\"toggle_acab86a5f793e6962\"><div class=\"panel-body toggle-content fusion-clearfix\">\n<p>Um eine reibungslose Kommunikation mit den Alumni zu erreichen, haben wir folgende Massnahmen getroffen:<\/p>\n<ul style=\"--awb-size:16px;--awb-iconcolor:#000000;--awb-line-height:27.2px;--awb-icon-width:27.2px;--awb-icon-height:27.2px;--awb-icon-margin:11.2px;--awb-content-margin:38.4px;--awb-circlecolor:#8cc63f;--awb-circle-yes-font-size:14.08px;\" class=\"fusion-checklist fusion-checklist-1 fusion-checklist-default type-icons\">\n<li class=\"fusion-li-item\" style=\"\"><span class=\"icon-wrapper circle-yes\"><i class=\"fusion-li-icon fa fa-chevron-right\" aria-hidden=\"true\"><\/i><\/span><div class=\"fusion-li-item-content\">Erstellung einer Datenbank, unterteilt je nach Jahrg\u00e4ngen. Diese Datenbank enth\u00e4lt die nachstehende Information: Abgangsjahr, Nachname, Vornahme, Email-Adresse, Telephonnummer, aktuelle Adresse, absolviertes Studium \/ Beruf, Besch\u00e4ftigung, Unternehmen in dem der\/die Alumni arbeiten, Geburtsdatum. Mit der Information dieser Datenbank werden verschiedenartige Mitteilungen an die Alumni versendet, um sie auf dem Laufenden zu halten.<\/p>\n<\/div><\/li><li class=\"fusion-li-item\" style=\"\"><span class=\"icon-wrapper circle-yes\"><i class=\"fusion-li-icon fa fa-chevron-right\" aria-hidden=\"true\"><\/i><\/span><div class=\"fusion-li-item-content\">Erstellung einer Webseite<\/div><\/li><li class=\"fusion-li-item\" style=\"\"><span class=\"icon-wrapper circle-yes\"><i class=\"fusion-li-icon fa fa-chevron-right\" aria-hidden=\"true\"><\/i><\/span><div class=\"fusion-li-item-content\">Gestaltung einer Facebook-Seite <\/div><\/li><li class=\"fusion-li-item\" style=\"\"><span class=\"icon-wrapper circle-yes\"><i class=\"fusion-li-icon fa fa-chevron-right\" aria-hidden=\"true\"><\/i><\/span><div class=\"fusion-li-item-content\">Gestaltung eines Instagram-Accounts<\/div><\/li>\n<\/ul>\n<\/div><\/div><\/div><div class=\"fusion-panel panel-default panel-1783ea9b80a2468bf fusion-toggle-has-divider\" style=\"--awb-title-color:#00632e;\"><div class=\"panel-heading\"><h4 class=\"panel-title toggle\" id=\"toggle_1783ea9b80a2468bf\"><a aria-expanded=\"false\" aria-controls=\"1783ea9b80a2468bf\" role=\"button\" data-toggle=\"collapse\" data-parent=\"#accordion-4342-1\" data-target=\"#1783ea9b80a2468bf\" href=\"#1783ea9b80a2468bf\"><span class=\"fusion-toggle-icon-wrapper\" aria-hidden=\"true\"><i class=\"fa-fusion-box active-icon awb-icon-minus\" aria-hidden=\"true\"><\/i><i class=\"fa-fusion-box inactive-icon awb-icon-plus\" aria-hidden=\"true\"><\/i><\/span><span class=\"fusion-toggle-heading\">Aktivit\u00e4ten<\/span><\/a><\/h4><\/div><div id=\"1783ea9b80a2468bf\" class=\"panel-collapse collapse \" aria-labelledby=\"toggle_1783ea9b80a2468bf\"><div class=\"panel-body toggle-content fusion-clearfix\">\n<p>Es werden Aktivit\u00e4ten vorgeschlagen mit dem Ziel, dass sich die Alumni weiterhin als Teil des Instituto Ballester \u2013 Deutsche Schule f\u00fchlen, wie zum Beispiel:<\/p>\n<ul style=\"--awb-size:16px;--awb-iconcolor:#000000;--awb-line-height:27.2px;--awb-icon-width:27.2px;--awb-icon-height:27.2px;--awb-icon-margin:11.2px;--awb-content-margin:38.4px;--awb-circlecolor:#8cc63f;--awb-circle-yes-font-size:14.08px;\" class=\"fusion-checklist fusion-checklist-2 fusion-checklist-default type-icons\"><li class=\"fusion-li-item\" style=\"\"><span class=\"icon-wrapper circle-yes\"><i class=\"fusion-li-icon fa fa-chevron-right\" aria-hidden=\"true\"><\/i><\/span><div class=\"fusion-li-item-content\">Alumni-Treffen: j\u00e4hrliches Treffen, in dem das Wiedersehen gef\u00f6rdert wird. Es werden Medaillen verliehen an die Alumni die seit 10, 20, 25, 30, 40, 50 und 60 Jahre ihr Studium in der Schule beendet haben bzw. beendet h\u00e4tten.<\/p>\n<\/div><\/li><li class=\"fusion-li-item\" style=\"\"><span class=\"icon-wrapper circle-yes\"><i class=\"fusion-li-icon fa fa-chevron-right\" aria-hidden=\"true\"><\/i><\/span><div class=\"fusion-li-item-content\">Implementierung einer Arbeitsb\u00f6rse: es werden Stellensuchen an die Alumni per Mail weitergeleitet, die wir von Unternehmen, Beratern, etc zugeschickt bekommen. Diese Stellensuchen werden auch auf die homepage hochgeladen.<\/p>\n<\/div><\/li><li class=\"fusion-li-item\" style=\"\"><span class=\"icon-wrapper circle-yes\"><i class=\"fusion-li-icon fa fa-chevron-right\" aria-hidden=\"true\"><\/i><\/span><div class=\"fusion-li-item-content\">Deutschkurse: je nach Bedarf werden Deutschkurse angeboten<\/p>\n<\/div><\/li><li class=\"fusion-li-item\" style=\"\"><span class=\"icon-wrapper circle-yes\"><i class=\"fusion-li-icon fa fa-chevron-right\" aria-hidden=\"true\"><\/i><\/span><div class=\"fusion-li-item-content\">Nutzung der Einrichtungen: die Alumni k\u00f6nnen die Schwimmhalle und den Fu\u00dfballplatz der Schule in den f\u00fcr diesen Zweck bestimmten Tagen und Zeiten benutzen. Die Nutzung der Schwimmhalle und des Fu\u00dfballplatzes ist kostenpflichtig.<\/p>\n<\/div><\/li><li class=\"fusion-li-item\" style=\"\"><span class=\"icon-wrapper circle-yes\"><i class=\"fusion-li-icon fa fa-chevron-right\" aria-hidden=\"true\"><\/i><\/span><div class=\"fusion-li-item-content\">Vortr\u00e4ge f\u00fcr Sch\u00fcler: Einladung an Alumni um kurze Vortr\u00e4ge zu halten bez\u00fcglich ihrer Erfahrung nach der Schulzeit (Zukunfts-Treffen)<\/p>\n<\/div><\/li><li class=\"fusion-li-item\" style=\"\"><span class=\"icon-wrapper circle-yes\"><i class=\"fusion-li-icon fa fa-chevron-right\" aria-hidden=\"true\"><\/i><\/span><div class=\"fusion-li-item-content\">Fu\u00dfballmeisterschaft: Alumni werden eingeladen um an der j\u00e4hrlichen Fu\u00dfballmeisterschaft teilzunehmen. Hier beteiligen sich auch Eltern der Schulgemeinschaft.<\/p>\n<\/div><\/li><\/ul>\n<\/div><\/div><\/div><\/div><\/div><div class=\"fusion-clearfix\"><\/div><\/div><\/div><div class=\"fusion-layout-column fusion_builder_column fusion-builder-column-1 fusion_builder_column_1_3 1_3 fusion-one-third fusion-column-last\" style=\"--awb-bg-blend:overlay;--awb-bg-size:cover;width:33.333333333333%;width:calc(33.333333333333% - ( ( 4% ) * 0.33333333333333 ) );\"><div class=\"fusion-column-wrapper fusion-flex-column-wrapper-legacy\"><div class=\"fusion-title title fusion-title-2 fusion-title-text fusion-title-size-two\" style=\"--awb-sep-color:#bcbec0;\"><h2 class=\"fusion-title-heading title-heading-left\" style=\"margin:0;\">Ziel<\/h2><span class=\"awb-title-spacer\"><\/span><div class=\"title-sep-container\"><div class=\"title-sep sep-double sep-solid\" style=\"border-color:#bcbec0;\"><\/div><\/div><\/div><div class=\"fusion-text fusion-text-2\"><h4>Ziel ist es, die Bindung zu den Absolventen der Schule zu st\u00e4rken und ihnen Dienstleistungen anzubieten.<\/h4>\n<p><img decoding=\"async\" class=\"alignnone wp-image-292 size-full\" src=\"http:\/\/iballester.edu.ar\/ballester-alumni\/wp-content\/uploads\/medallas.jpg\" alt=\"Alumni-Medaillen\" width=\"286\" height=\"350\" srcset=\"https:\/\/iballester.edu.ar\/ballester-alumni\/wp-content\/uploads\/medallas-245x300.jpg 245w, https:\/\/iballester.edu.ar\/ballester-alumni\/wp-content\/uploads\/medallas.jpg 286w\" sizes=\"(max-width: 286px) 100vw, 286px\" \/><\/p>\n<\/div><div class=\"fusion-clearfix\"><\/div><\/div><\/div><\/div><\/div>\n","protected":false},"excerpt":{"rendered":"","protected":false},"author":40,"featured_media":0,"parent":0,"menu_order":0,"comment_status":"closed","ping_status":"open","template":"","meta":{"footnotes":""},"class_list":["post-4342","page","type-page","status-publish","hentry"],"_links":{"self":[{"href":"https:\/\/iballester.edu.ar\/ballester-alumni\/de\/wp-json\/wp\/v2\/pages\/4342","targetHints":{"allow":["GET"]}}],"collection":[{"href":"https:\/\/iballester.edu.ar\/ballester-alumni\/de\/wp-json\/wp\/v2\/pages"}],"about":[{"href":"https:\/\/iballester.edu.ar\/ballester-alumni\/de\/wp-json\/wp\/v2\/types\/page"}],"author":[{"embeddable":true,"href":"https:\/\/iballester.edu.ar\/ballester-alumni\/de\/wp-json\/wp\/v2\/users\/40"}],"replies":[{"embeddable":true,"href":"https:\/\/iballester.edu.ar\/ballester-alumni\/de\/wp-json\/wp\/v2\/comments?post=4342"}],"version-history":[{"count":4,"href":"https:\/\/iballester.edu.ar\/ballester-alumni\/de\/wp-json\/wp\/v2\/pages\/4342\/revisions"}],"predecessor-version":[{"id":4347,"href":"https:\/\/iballester.edu.ar\/ballester-alumni\/de\/wp-json\/wp\/v2\/pages\/4342\/revisions\/4347"}],"wp:attachment":[{"href":"https:\/\/iballester.edu.ar\/ballester-alumni\/de\/wp-json\/wp\/v2\/media?parent=4342"}],"curies":[{"name":"wp","href":"https:\/\/api.w.org\/{rel}","templated":true}]}}